{"id":3762,"date":"2025-06-18T09:38:12","date_gmt":"2025-06-18T09:38:12","guid":{"rendered":"https:\/\/www.rectehydraulic.com\/?page_id=3762"},"modified":"2025-06-18T09:49:49","modified_gmt":"2025-06-18T09:49:49","slug":"privacy-policy","status":"publish","type":"page","link":"https:\/\/www.rectehydraulic.com\/de\/privacy-policy\/","title":{"rendered":"Datenschutzbestimmungen"},"content":{"rendered":"<div class=\"path_bar\" id=\"profile\">\n        <div class=\"layout\" style=\"margin:0 auto\">\n            <ul>\n                <li><a href=\"\/\">Startseite<\/a><\/li>\n                <!--\u9762\u5305\u5c51-->\n               <li><a href=\"\">Datenschutzbestimmungen<\/a><\/li>\n            <\/ul>\n        <\/div>\n    <\/div>\n\n\n\n<h1 class=\"wp-block-heading has-text-align-center sh\" style=\"font-size:30px\">Datenschutzbestimmungen<\/h1>\n\n\n\n<p class=\"layout\">In dieser Datenschutzerkl\u00e4rung wird erl\u00e4utert, wie \"wir\" Ihre Daten erfassen, verwenden, weitergeben und verarbeiten, sowie die Rechte und Wahlm\u00f6glichkeiten, die Sie im Zusammenhang mit diesen Daten haben. Diese Datenschutzrichtlinie gilt f\u00fcr alle personenbezogenen Daten, die im Rahmen einer schriftlichen, elektronischen oder m\u00fcndlichen Kommunikation erfasst werden, oder f\u00fcr personenbezogene Daten, die online oder offline erfasst werden, einschlie\u00dflich: unserer Website und jeder anderen E-Mail.<\/p>\n\n\n\n<p class=\"layout\">Bitte lesen Sie unsere Allgemeinen Gesch\u00e4ftsbedingungen und diese Richtlinie, bevor Sie auf unsere Dienste zugreifen oder diese nutzen. Wenn Sie mit dieser Richtlinie oder den Gesch\u00e4ftsbedingungen nicht einverstanden sind, verzichten Sie bitte auf den Zugriff auf unsere Dienste und deren Nutzung. Wenn Sie in einem Land au\u00dferhalb des Europ\u00e4ischen Wirtschaftsraums ans\u00e4ssig sind, akzeptieren Sie mit dem Kauf unserer Produkte oder der Nutzung unserer Dienste die Bedingungen und unsere Datenschutzpraktiken, wie in dieser Richtlinie beschrieben.<\/p>\n\n\n\n<p class=\"layout\">Wir k\u00f6nnen diese Richtlinie jederzeit und ohne vorherige Ank\u00fcndigung \u00e4ndern, und die \u00c4nderungen k\u00f6nnen sowohl f\u00fcr alle pers\u00f6nlichen Daten gelten, die wir bereits \u00fcber Sie gespeichert haben, als auch f\u00fcr alle neuen pers\u00f6nlichen Daten, die nach der \u00c4nderung der Richtlinie erfasst werden. Wenn wir \u00c4nderungen vornehmen, werden wir Sie dar\u00fcber informieren, indem wir das Datum am Anfang dieser Richtlinie \u00e4ndern. Wir werden Sie rechtzeitig benachrichtigen, wenn wir wesentliche \u00c4nderungen an der Art und Weise vornehmen, wie wir Ihre pers\u00f6nlichen Daten erfassen, verwenden oder weitergeben, die sich auf Ihre Rechte gem\u00e4\u00df dieser Richtlinie auswirken. Wenn Sie in einem anderen Land als dem Europ\u00e4ischen Wirtschaftsraum, dem Vereinigten K\u00f6nigreich oder der Schweiz (zusammenfassend \"europ\u00e4ische L\u00e4nder\") ans\u00e4ssig sind, gilt Ihr fortgesetzter Zugriff auf unsere Dienste oder deren Nutzung nach Erhalt der \u00c4nderungsmitteilung als Best\u00e4tigung, dass Sie die aktualisierte Richtlinie akzeptieren.<\/p>\n\n\n\n<p class=\"layout\">Dar\u00fcber hinaus k\u00f6nnen wir Ihnen Echtzeit-Offenlegungen oder zus\u00e4tzliche Informationen \u00fcber den Umgang mit personenbezogenen Daten in bestimmten Bereichen unserer Dienste zur Verf\u00fcgung stellen. Solche Mitteilungen k\u00f6nnen diese Richtlinie erg\u00e4nzen oder Ihnen zus\u00e4tzliche M\u00f6glichkeiten bieten, wie wir Ihre pers\u00f6nlichen Daten verarbeiten.<\/p>\n\n\n\n<p class=\"layout\"><strong>Von uns gesammelte pers\u00f6nliche Informationen<\/strong><\/p>\n\n\n\n<p class=\"layout lt\">Wir erheben personenbezogene Daten, wenn Sie unsere Dienste nutzen und personenbezogene Daten \u00fcbermitteln, wenn Sie auf der Website dazu aufgefordert werden. Personenbezogene Daten sind im Allgemeinen alle Informationen, die sich auf Sie beziehen, Sie pers\u00f6nlich identifizieren oder zu Ihrer Identifizierung verwendet werden k\u00f6nnen, wie z. B. Ihr Name, Ihre E-Mail-Adresse, Ihre Telefonnummer und Ihre Adresse. Die Definition des Begriffs \"personenbezogene Daten\" ist von Land zu Land unterschiedlich. F\u00fcr Sie gilt im Rahmen dieser Datenschutzrichtlinie nur die Definition, die f\u00fcr Sie aufgrund Ihres Standorts gilt. Zu den personenbezogenen Daten geh\u00f6ren keine Daten, die unwiderruflich anonymisiert oder zusammengefasst wurden, so dass sie es uns nicht mehr erm\u00f6glichen, Sie zu identifizieren, sei es in Kombination mit anderen Informationen oder auf andere Weise.<\/p>\n\n\n\n<p class=\"layout\"><strong>Zu den Arten von pers\u00f6nlichen Informationen, die wir \u00fcber Sie sammeln k\u00f6nnen, geh\u00f6ren:<\/strong><\/p>\n\n\n\n<p class=\"layout lt\">Informationen, die Sie uns direkt und freiwillig zur Verf\u00fcgung stellen, um den Kauf- oder Dienstleistungsvertrag auszuf\u00fchren. Wir erfassen Ihre pers\u00f6nlichen Daten, die Sie uns geben, wenn Sie unsere Dienste nutzen. Wenn Sie zum Beispiel unsere Website besuchen und eine Bestellung aufgeben, erfassen wir die Informationen, die Sie uns w\u00e4hrend des Bestellvorgangs zur Verf\u00fcgung stellen. Zu diesen Informationen geh\u00f6ren Ihr Nachname, Ihre Postanschrift, Ihre E-Mail-Adresse, Ihre Telefonnummer, Ihre Produktinteressen, Ihr Whatsapp-Konto, Ihre Firma und Ihr Land. Wir k\u00f6nnen auch pers\u00f6nliche Daten erfassen, wenn Sie mit einer unserer Abteilungen wie dem Kundendienst kommunizieren oder wenn Sie Online-Formulare oder Umfragen auf der Website ausf\u00fcllen. Sie k\u00f6nnen uns auch Ihre E-Mail-Adresse mitteilen, wenn Sie Informationen \u00fcber die von uns angebotenen Produkte und Dienstleistungen erhalten m\u00f6chten.<\/p>\n\n\n\n<p class=\"layout\"><strong>Wie erhalten Sie meine Zustimmung?<\/strong><\/p>\n\n\n\n<p class=\"layout\">Wenn Sie uns Ihre pers\u00f6nlichen Daten zur Verf\u00fcgung stellen, um eine Transaktion abzuschlie\u00dfen, Ihre Kreditkarte zu \u00fcberpr\u00fcfen, eine Bestellung aufzugeben, eine Lieferung zu vereinbaren oder einen Kauf zur\u00fcckzugeben, gehen wir davon aus, dass Sie damit einverstanden sind, dass wir Ihre Daten sammeln und nur zu diesem Zweck verwenden.<\/p>\n\n\n\n<p class=\"layout lt\">Wenn wir Sie bitten, uns Ihre pers\u00f6nlichen Daten aus einem anderen Grund zur Verf\u00fcgung zu stellen, z. B. f\u00fcr Marketingzwecke, werden wir Sie direkt um Ihre ausdr\u00fcckliche Zustimmung bitten oder Ihnen die M\u00f6glichkeit geben, diese zu verweigern.<\/p>\n\n\n\n<p class=\"layout\"><strong>Wie kann ich meine Zustimmung zur\u00fcckziehen?<\/strong><\/p>\n\n\n\n<p class=\"layout lt\">Wenn Sie, nachdem Sie uns Ihre Zustimmung gegeben haben, Ihre Meinung \u00e4ndern und nicht mehr damit einverstanden sind, dass wir Sie kontaktieren, Ihre Daten sammeln oder sie weitergeben, k\u00f6nnen Sie uns dies mitteilen, indem Sie uns kontaktieren.<\/p>\n\n\n\n<p class=\"layout\"><strong>Von Dritten erbrachte Dienstleistungen<\/strong><\/p>\n\n\n\n<p class=\"layout\">Im Allgemeinen werden die von uns eingesetzten Drittanbieter Ihre Daten nur in dem Umfang erfassen, verwenden und weitergeben, der f\u00fcr die Erbringung der von ihnen f\u00fcr uns erbrachten Dienstleistungen erforderlich ist.<\/p>\n\n\n\n<p class=\"layout\">Bestimmte Drittanbieter, wie z. B. Zahlungs-Gateways und andere Zahlungsverkehrsabwickler, haben jedoch ihre eigenen Datenschutzrichtlinien hinsichtlich der Informationen, die wir ihnen f\u00fcr Ihre Kauftransaktionen zur Verf\u00fcgung stellen m\u00fcssen.<\/p>\n\n\n\n<p class=\"layout lt\">Wir empfehlen Ihnen, die Datenschutzrichtlinien dieser Anbieter sorgf\u00e4ltig zu lesen, damit Sie wissen, wie sie mit Ihren pers\u00f6nlichen Daten umgehen.<br>Es ist zu beachten, dass einige Anbieter ihren Sitz oder ihre Einrichtungen in einer anderen Rechtsordnung als der Ihren oder der unseren haben k\u00f6nnen. Wenn Sie sich also entscheiden, mit einer Transaktion fortzufahren, die die Dienste eines Drittanbieters erfordert, dann k\u00f6nnen Ihre Daten den Gesetzen des Landes unterliegen, in dem dieser Anbieter ans\u00e4ssig ist, oder denen des Landes, in dem sich seine Einrichtungen befinden.<\/p>\n\n\n\n<p class=\"layout\"><strong>Sicherheit<\/strong><\/p>\n\n\n\n<p class=\"layout lt\">Um Ihre pers\u00f6nlichen Daten zu sch\u00fctzen, treffen wir angemessene Vorkehrungen und befolgen die besten Praktiken der Branche, um zu gew\u00e4hrleisten, dass sie nicht verloren gehen, missbraucht werden, auf sie zugegriffen wird, sie offengelegt, ver\u00e4ndert oder unangemessen vernichtet werden.<\/p>\n\n\n\n<p class=\"layout\"><strong>Alter der M\u00fcndigkeit<\/strong><\/p>\n\n\n\n<p class=\"layout lt\">Durch die Nutzung dieser Website versichern Sie, dass Sie in dem Land, in dem Sie Ihren Wohnsitz haben, mindestens vollj\u00e4hrig sind und dass Sie uns Ihr Einverst\u00e4ndnis gegeben haben, Minderj\u00e4hrigen, die Ihnen unterstellt sind, die Nutzung dieser Website zu gestatten.<\/p>\n\n\n\n<p class=\"layout\"><strong>\u00c4nderungen an dieser Datenschutzrichtlinie<\/strong><\/p>\n\n\n\n<p class=\"layout\">Wir behalten uns das Recht vor, diese Datenschutzrichtlinie jederzeit zu \u00e4ndern, daher sollten Sie sie regelm\u00e4\u00dfig \u00fcberpr\u00fcfen. \u00c4nderungen und Klarstellungen werden sofort mit der Ver\u00f6ffentlichung auf der Website wirksam. Wenn wir \u00c4nderungen am Inhalt dieser Richtlinie vornehmen, werden wir Sie an dieser Stelle \u00fcber die Aktualisierung informieren, damit Sie wissen, welche Informationen wir sammeln, wie wir sie verwenden und unter welchen Umst\u00e4nden wir sie weitergeben. Wir werden Sie wissen lassen, dass wir einen Grund daf\u00fcr haben, dies zu tun.<\/p>\n\n\n\n<p class=\"layout lt\">Wenn unser Gesch\u00e4ft von einem anderen Unternehmen \u00fcbernommen oder mit diesem fusioniert wird, k\u00f6nnen Ihre Daten an den neuen Eigent\u00fcmer \u00fcbertragen werden, damit wir Ihnen weiterhin Produkte verkaufen k\u00f6nnen.<\/p>\n\n\n\n<p class=\"layout\"><strong>Fragen und Kontaktinformationen<\/strong><\/p>\n\n\n\n<p style=\"padding-bottom:50px\" class=\"layout\">Wenn Sie auf Ihre pers\u00f6nlichen Daten zugreifen, sie korrigieren, \u00e4ndern oder l\u00f6schen m\u00f6chten, eine Beschwerde einreichen oder einfach nur weitere Informationen w\u00fcnschen, kontaktieren Sie uns per E-Mail am Ende der Seite.<\/p>\n\n\n\n<style>\np{\npadding-bottom:30px;\n\n}\n.lt{\nborder-bottom:1px solid #cbcbcb;\n    margin-bottom: 30px;\n}\n#outerContainer_1703183975021 {\n    background: url(\/wp-content\/uploads\/2025\/06\/bianzu-7beifen-5.webp) no-repeat scroll center center;\n    background-size: cover;\n    height:12vw;\n    border-left: 0 solid #000;\n    border-right: 0 solid #000;\n    border-top: 0 solid #000;\n    border-bottom: 0 solid #000;\n    border-top-right-radius: 0;\n    border-top-left-radius: 0;\n    border-bottom-right-radius: 0;\n    border-bottom-left-radius: 0;\n    margin-top: 0;\n    margin-bottom: 0;\n    padding-top: 0;\n    padding-bottom: 0;\n    box-shadow: 0;\n}\n.mg{\npadding:30px 0\n}\n\nli{\nline-height:1.8em\n}\n.sh{\nmargin:30px auto 40px;\n}\n.th{\nmargin:40px 0 35px;\nfont-size: 30px;\n\n}\n.bt{\nmargin-bottom:30px\n}\n.border-img img{\nborder-radius:20px\n\n}\n\n.ab-img{\n background-image: linear-gradient(180deg,rgba(0,0,0,0.7) 0%,rgba(0,0,0,0.7) 100%),url(\/wp-content\/uploads\/2025\/06\/Taile-Heat-Press-Machine-Factory.webp);\n    padding: 7%;\n    background-position: center;\nbackground-size:cover;\n    text-align: center;\n}\n.ab-des p{\nfont-size:20px\n}\n.icon-body ul li img{\n\nwidth:90px!important\n\n}\n.ab-body3{\n background-image: linear-gradient(180deg,rgba(0,0,0,0.75) 0%,rgba(0,0,0,0.75) 100%),url(\/wp-content\/uploads\/2025\/06\/Taile-Heat-Press-Machine-Factory-2.webp)!important;\n    padding: 5% 0%;\n    background-position: center;\nbackground-size:cover;\n    text-align: center;\nmargin:55px 0\n}\nh3{\ncolor:#000;\nfont-size:24px;\nmargin:30px auto 20px\n}\n.ab-body5{\n background-image: linear-gradient(180deg,rgba(0,0,0,0.7) 0%,rgba(0,0,0,0.7) 100%),url(\/wp-content\/uploads\/2025\/03\/hygts.webp)!important;\n    padding: 5% 0%;\n    background-position: center;\nbackground-size:cover;\n    text-align: center;\n}\n.ab-body{\npadding:35px 0 0;\nmargin:0 0 50px 0\n}\n.ab-des h2{\ntext-align:center;\ncolor:#fff;\nfont-size:32px;\n    margin-bottom: 30px;\n\n}\n.ab-des p{\ntext-align:center;\ncolor:#fff;\nline-height:1.8em\n}\n\n.ab-btn{\n    font-size: 16px;\n    line-height: 18px;\n    padding: 14px 28px;\n    border-radius: 0px;\n    -moz-border-radius: 0px;\n    -webkit-border-radius: 0px;\n    background: #76cccc;\n    border: 1px solid #76cccc;\n    color:#fff;\n    margin-top: 30px;\n      text-transform: uppercase;\nborder-radius:5px\n\n}\n.ab-btn:hover{\ncolor:#76cccc;\nbackground:#fff;\ncursor:pointer\n\n\n}\n\n\n.ab-body2{\n   \n\n}\n.icon-body ul{\ndisplay:flex;\njustify-content:space-between;\n    flex-flow: row wrap;\n}\n.icon-body ul li{\ntext-align:center;\nbackground:#fff;\npadding: 20px;\nwidth:24.5%;\n   \n\n}\n\n\n.companyImg li{\n\npadding:0!important\n\n}\n.companyImg li img{\nwidth:100%!important\n\n\n}\n.icon-body{\n background-color: rgba(0,0,0, 0.05);\n    padding: 50px 30px 30px;\n}\n\n\n.tt-list{\ndisplay:flex;\nalign-items:center;\nmargin-bottom:20px\n\n\n}\n.ab-body3 ul li{\nmargin-bottom:25px\n\n}\n.tt-list img{\nmargin-right:10px\n}\n\n..ab-img{\n background-image: linear-gradient(180deg,rgba(0,0,0,0.5) 0%,rgba(0,0,0,0.5) 100%),url(\/wp-content\/uploads\/2025\/02\/factory-3.webp)!important;\n    padding: 20% 10%;\n    background-position: center;\nbackground-size:cover;\n    text-align: center;\n}\n.ab-body{\npadding:35px 0 0\n}\n.ab-des h2{\ntext-align:center;\ncolor:#fff;\nfont-size:32px;\n    margin-bottom: 30px;\n\n}\n\n\n\n\n.ab-body2{\n   \n\n}\n.icon-body ul{\ndisplay:flex;\njustify-content:space-between\n}\n.icon-body ul li{\ntext-align:center;\nbackground:#fff;\npadding: 20px;\nwidth:49%;\n margin-bottom: 2%;\n\n}\n\n.icon-body{\n background-color: rgba(0,0,0, 0.05);\n    padding: 50px 30px 30px;\n}\n\n\n.tt-list{\ndisplay:flex;\nalign-items:center;\nmargin-bottom:20px\n\n}\n.ab-body3 ul li{\nmargin-bottom:25px\n\n}\n.tt-list img{\nmargin-right:10px\n}\n..ab-img{\n background-image: linear-gradient(180deg,rgba(0,0,0,0.5) 0%,rgba(0,0,0,0.5) 100%),url(\/wp-content\/uploads\/2025\/02\/factory-3.webp)!important;\n    padding: 20% 10%;\n    background-position: center;\nbackground-size:cover;\n    text-align: center;\n}\n.ab-body{\npadding:35px 0 0\n}\n.ab-des h2{\ntext-align:center;\ncolor:#fff;\nfont-size:32px;\n    margin-bottom: 30px;\n\n}\n\n\n.ab-body2{\n   \n\n}\n.icon-body ul{\ndisplay:flex;\njustify-content:space-between\n}\n\n\n.icon-body{\n background-color: rgba(0,0,0, 0.05);\n    padding: 50px 30px 30px;\n}\n.icon-body li p span{\n\nfont-size:15px!important\n}\n.icon-body li p {\ntext-align:left;\n\n}\n\n.tt-list{\ndisplay:flex;\nalign-items:center;\nmargin-bottom:20px\n\n}\n.ab-body3 ul li{\nmargin-bottom:25px\n\n}\n.tt-list img{\nmargin-right:10px\n}\n\n.ab-body4{\npadding-bottom:45px\n}\n@media screen and (max-width:981px){\n\n.icon-body ul{\nflex-flow:row wrap\n}\n.icon-body ul li{\nwidth:100%}\n\n}\n\n.companyImg{\ndisplay:inherit!important\n}\n.ab-body2 .companyImg li img{\nwidth:100%!important;\n}\n.ab-body2 .companyImg li{\nwidth:100%!important;\npadding:0!important;\nmargin-bottom:20px\n\n}\n\n.countryList li{\nline-height:2em\n\n}\n\n\n<\/style>\n\n\n\n<style>\n@media screen and (max-width:781px){\n body article .af .wp-block-column{\nflex-basis:45%!important;\nwidth:45%!important\n\n}\n#outerContainer_1703183975021{\nheight:20vw!important\n}\n}\n\n<\/style>","protected":false},"excerpt":{"rendered":"<p>Home Privacy Policy Privacy Policy This Privacy Policy explains how &#8220;we&#8221; collect, use, share and process your information as well as the rights and choices you have associated with that information. This privacy policy applies to all personal information collected during any written, electronic and oral communication, or personal information collected online or offline, including: [&hellip;]<\/p>","protected":false},"author":1,"featured_media":0,"parent":0,"menu_order":0,"comment_status":"closed","ping_status":"closed","template":"","meta":{"footnotes":""},"class_list":["post-3762","page","type-page","status-publish","hentry"],"yoast_head":"<!-- This site is optimized with the Yoast SEO plugin v24.4 - https:\/\/yoast.com\/wordpress\/plugins\/seo\/ -->\n<title>Privacy Policy - RECTE HYDRAULIC<\/title>\n<meta name=\"description\" content=\"Recte Hydraulic specializes in manufacturing durable hydraulic cylinders, systems, and components for industrial applications. Get custom solutions, reliable performance, and global exports.\" \/>\n<meta name=\"robots\" content=\"index, follow, max-snippet:-1, max-image-preview:large, max-video-preview:-1\" \/>\n<link rel=\"canonical\" href=\"https:\/\/www.rectehydraulic.com\/de\/privacy-policy\/\" \/>\n<meta property=\"og:locale\" content=\"de_DE\" \/>\n<meta property=\"og:type\" content=\"article\" \/>\n<meta property=\"og:title\" content=\"Privacy Policy - RECTE HYDRAULIC\" \/>\n<meta property=\"og:description\" content=\"Recte Hydraulic specializes in manufacturing durable hydraulic cylinders, systems, and components for industrial applications. Get custom solutions, reliable performance, and global exports.\" \/>\n<meta property=\"og:url\" content=\"https:\/\/www.rectehydraulic.com\/de\/privacy-policy\/\" \/>\n<meta property=\"og:site_name\" content=\"RECTE HYDRAULIC\" \/>\n<meta property=\"article:publisher\" content=\"https:\/\/www.facebook.com\/rectehydraulic\/\" \/>\n<meta property=\"article:modified_time\" content=\"2025-06-18T09:49:49+00:00\" \/>\n<meta name=\"twitter:card\" content=\"summary_large_image\" \/>\n<meta name=\"twitter:label1\" content=\"Est. reading time\" \/>\n\t<meta name=\"twitter:data1\" content=\"5\u00a0Minuten\" \/>\n<script type=\"application\/ld+json\" class=\"yoast-schema-graph\">{\"@context\":\"https:\/\/schema.org\",\"@graph\":[{\"@type\":\"WebPage\",\"@id\":\"https:\/\/www.rectehydraulic.com\/privacy-policy\/\",\"url\":\"https:\/\/www.rectehydraulic.com\/privacy-policy\/\",\"name\":\"Privacy Policy - RECTE HYDRAULIC\",\"isPartOf\":{\"@id\":\"https:\/\/www.rectehydraulic.com\/#website\"},\"datePublished\":\"2025-06-18T09:38:12+00:00\",\"dateModified\":\"2025-06-18T09:49:49+00:00\",\"description\":\"Recte Hydraulic specializes in manufacturing durable hydraulic cylinders, systems, and components for industrial applications. Get custom solutions, reliable performance, and global exports.\",\"breadcrumb\":{\"@id\":\"https:\/\/www.rectehydraulic.com\/privacy-policy\/#breadcrumb\"},\"inLanguage\":\"de\",\"potentialAction\":[{\"@type\":\"ReadAction\",\"target\":[\"https:\/\/www.rectehydraulic.com\/privacy-policy\/\"]}]},{\"@type\":\"BreadcrumbList\",\"@id\":\"https:\/\/www.rectehydraulic.com\/privacy-policy\/#breadcrumb\",\"itemListElement\":[{\"@type\":\"ListItem\",\"position\":1,\"name\":\"Home\",\"item\":\"https:\/\/www.rectehydraulic.com\/\"},{\"@type\":\"ListItem\",\"position\":2,\"name\":\"Privacy Policy\"}]},{\"@type\":\"WebSite\",\"@id\":\"https:\/\/www.rectehydraulic.com\/#website\",\"url\":\"https:\/\/www.rectehydraulic.com\/\",\"name\":\"RECTE HYDRAULIC\",\"description\":\"RECTE HYDRAULIC\",\"publisher\":{\"@id\":\"https:\/\/www.rectehydraulic.com\/#organization\"},\"potentialAction\":[{\"@type\":\"SearchAction\",\"target\":{\"@type\":\"EntryPoint\",\"urlTemplate\":\"https:\/\/www.rectehydraulic.com\/?s={search_term_string}\"},\"query-input\":{\"@type\":\"PropertyValueSpecification\",\"valueRequired\":true,\"valueName\":\"search_term_string\"}}],\"inLanguage\":\"de\"},{\"@type\":\"Organization\",\"@id\":\"https:\/\/www.rectehydraulic.com\/#organization\",\"name\":\"HEBEI RECTE HYDRAULIC CO.,LTD\",\"url\":\"https:\/\/www.rectehydraulic.com\/\",\"logo\":{\"@type\":\"ImageObject\",\"inLanguage\":\"de\",\"@id\":\"https:\/\/www.rectehydraulic.com\/#\/schema\/logo\/image\/\",\"url\":\"https:\/\/www.rectehydraulic.com\/wp-content\/uploads\/2025\/06\/cropped-RECTE-Complete-Hydraulic-Accessory-System-Supplier.webp\",\"contentUrl\":\"https:\/\/www.rectehydraulic.com\/wp-content\/uploads\/2025\/06\/cropped-RECTE-Complete-Hydraulic-Accessory-System-Supplier.webp\",\"width\":500,\"height\":129,\"caption\":\"HEBEI RECTE HYDRAULIC CO.,LTD\"},\"image\":{\"@id\":\"https:\/\/www.rectehydraulic.com\/#\/schema\/logo\/image\/\"},\"sameAs\":[\"https:\/\/www.facebook.com\/rectehydraulic\/\",\"https:\/\/www.linkedin.com\/in\/chinahydraulicmotors\/\",\"http:\/\/instagram.com\/rectehydraulic\",\"https:\/\/www.youtube.com\/@rectehydraulic\"]}]}<\/script>\n<!-- \/ Yoast SEO plugin. -->","yoast_head_json":{"title":"Privacy Policy - RECTE HYDRAULIC","description":"Recte Hydraulic specializes in manufacturing durable hydraulic cylinders, systems, and components for industrial applications. Get custom solutions, reliable performance, and global exports.","robots":{"index":"index","follow":"follow","max-snippet":"max-snippet:-1","max-image-preview":"max-image-preview:large","max-video-preview":"max-video-preview:-1"},"canonical":"https:\/\/www.rectehydraulic.com\/de\/privacy-policy\/","og_locale":"de_DE","og_type":"article","og_title":"Privacy Policy - RECTE HYDRAULIC","og_description":"Recte Hydraulic specializes in manufacturing durable hydraulic cylinders, systems, and components for industrial applications. Get custom solutions, reliable performance, and global exports.","og_url":"https:\/\/www.rectehydraulic.com\/de\/privacy-policy\/","og_site_name":"RECTE HYDRAULIC","article_publisher":"https:\/\/www.facebook.com\/rectehydraulic\/","article_modified_time":"2025-06-18T09:49:49+00:00","twitter_card":"summary_large_image","twitter_misc":{"Est. reading time":"5\u00a0Minuten"},"schema":{"@context":"https:\/\/schema.org","@graph":[{"@type":"WebPage","@id":"https:\/\/www.rectehydraulic.com\/privacy-policy\/","url":"https:\/\/www.rectehydraulic.com\/privacy-policy\/","name":"Privacy Policy - RECTE HYDRAULIC","isPartOf":{"@id":"https:\/\/www.rectehydraulic.com\/#website"},"datePublished":"2025-06-18T09:38:12+00:00","dateModified":"2025-06-18T09:49:49+00:00","description":"Recte Hydraulic specializes in manufacturing durable hydraulic cylinders, systems, and components for industrial applications. Get custom solutions, reliable performance, and global exports.","breadcrumb":{"@id":"https:\/\/www.rectehydraulic.com\/privacy-policy\/#breadcrumb"},"inLanguage":"de","potentialAction":[{"@type":"ReadAction","target":["https:\/\/www.rectehydraulic.com\/privacy-policy\/"]}]},{"@type":"BreadcrumbList","@id":"https:\/\/www.rectehydraulic.com\/privacy-policy\/#breadcrumb","itemListElement":[{"@type":"ListItem","position":1,"name":"Home","item":"https:\/\/www.rectehydraulic.com\/"},{"@type":"ListItem","position":2,"name":"Privacy Policy"}]},{"@type":"WebSite","@id":"https:\/\/www.rectehydraulic.com\/#website","url":"https:\/\/www.rectehydraulic.com\/","name":"RECTE HYDRAULIC","description":"RECTE HYDRAULIC","publisher":{"@id":"https:\/\/www.rectehydraulic.com\/#organization"},"potentialAction":[{"@type":"SearchAction","target":{"@type":"EntryPoint","urlTemplate":"https:\/\/www.rectehydraulic.com\/?s={search_term_string}"},"query-input":{"@type":"PropertyValueSpecification","valueRequired":true,"valueName":"search_term_string"}}],"inLanguage":"de"},{"@type":"Organization","@id":"https:\/\/www.rectehydraulic.com\/#organization","name":"HEBEI RECTE HYDRAULIC CO.,LTD","url":"https:\/\/www.rectehydraulic.com\/","logo":{"@type":"ImageObject","inLanguage":"de","@id":"https:\/\/www.rectehydraulic.com\/#\/schema\/logo\/image\/","url":"https:\/\/www.rectehydraulic.com\/wp-content\/uploads\/2025\/06\/cropped-RECTE-Complete-Hydraulic-Accessory-System-Supplier.webp","contentUrl":"https:\/\/www.rectehydraulic.com\/wp-content\/uploads\/2025\/06\/cropped-RECTE-Complete-Hydraulic-Accessory-System-Supplier.webp","width":500,"height":129,"caption":"HEBEI RECTE HYDRAULIC CO.,LTD"},"image":{"@id":"https:\/\/www.rectehydraulic.com\/#\/schema\/logo\/image\/"},"sameAs":["https:\/\/www.facebook.com\/rectehydraulic\/","https:\/\/www.linkedin.com\/in\/chinahydraulicmotors\/","http:\/\/instagram.com\/rectehydraulic","https:\/\/www.youtube.com\/@rectehydraulic"]}]}},"_links":{"self":[{"href":"https:\/\/www.rectehydraulic.com\/de\/wp-json\/wp\/v2\/pages\/3762","targetHints":{"allow":["GET"]}}],"collection":[{"href":"https:\/\/www.rectehydraulic.com\/de\/wp-json\/wp\/v2\/pages"}],"about":[{"href":"https:\/\/www.rectehydraulic.com\/de\/wp-json\/wp\/v2\/types\/page"}],"author":[{"embeddable":true,"href":"https:\/\/www.rectehydraulic.com\/de\/wp-json\/wp\/v2\/users\/1"}],"replies":[{"embeddable":true,"href":"https:\/\/www.rectehydraulic.com\/de\/wp-json\/wp\/v2\/comments?post=3762"}],"version-history":[{"count":19,"href":"https:\/\/www.rectehydraulic.com\/de\/wp-json\/wp\/v2\/pages\/3762\/revisions"}],"predecessor-version":[{"id":3788,"href":"https:\/\/www.rectehydraulic.com\/de\/wp-json\/wp\/v2\/pages\/3762\/revisions\/3788"}],"wp:attachment":[{"href":"https:\/\/www.rectehydraulic.com\/de\/wp-json\/wp\/v2\/media?parent=3762"}],"curies":[{"name":"wp","href":"https:\/\/api.w.org\/{rel}","templated":true}]}}