{"id":3762,"date":"2025-06-18T09:38:12","date_gmt":"2025-06-18T09:38:12","guid":{"rendered":"https:\/\/www.rectehydraulic.com\/?page_id=3762"},"modified":"2025-06-18T09:49:49","modified_gmt":"2025-06-18T09:49:49","slug":"privacy-policy","status":"publish","type":"page","link":"https:\/\/www.rectehydraulic.com\/fr\/privacy-policy\/","title":{"rendered":"Politique de confidentialit\u00e9"},"content":{"rendered":"<div class=\"path_bar\" id=\"profile\">\n        <div class=\"layout\" style=\"margin:0 auto\">\n            <ul>\n                <li><a href=\"\/\">Accueil<\/a><\/li>\n                <!--\u9762\u5305\u5c51-->\n               <li><a href=\"\">Politique de confidentialit\u00e9<\/a><\/li>\n            <\/ul>\n        <\/div>\n    <\/div>\n\n\n\n<h1 class=\"wp-block-heading has-text-align-center sh\" style=\"font-size:30px\">Politique de confidentialit\u00e9<\/h1>\n\n\n\n<p class=\"layout\">La pr\u00e9sente politique de confidentialit\u00e9 explique comment \"nous\" recueillons, utilisons, partageons et traitons vos informations, ainsi que les droits et les choix que vous avez associ\u00e9s \u00e0 ces informations. Cette politique de confidentialit\u00e9 s'applique \u00e0 toutes les informations personnelles collect\u00e9es lors de toute communication \u00e9crite, \u00e9lectronique ou orale, ou aux informations personnelles collect\u00e9es en ligne ou hors ligne, y compris : notre site web et tout autre courrier \u00e9lectronique.<\/p>\n\n\n\n<p class=\"layout\">Veuillez lire nos conditions g\u00e9n\u00e9rales et la pr\u00e9sente politique avant d'acc\u00e9der \u00e0 nos services ou de les utiliser. Si vous n'\u00eates pas d'accord avec la pr\u00e9sente politique ou les conditions g\u00e9n\u00e9rales, veuillez ne pas acc\u00e9der \u00e0 nos services ni les utiliser. Si vous \u00eates situ\u00e9 dans une juridiction en dehors de l'Espace \u00e9conomique europ\u00e9en, en achetant nos produits ou en utilisant nos services, vous acceptez les conditions g\u00e9n\u00e9rales et nos pratiques en mati\u00e8re de protection de la vie priv\u00e9e telles qu'elles sont d\u00e9crites dans la pr\u00e9sente politique.<\/p>\n\n\n\n<p class=\"layout\">Nous pouvons modifier la pr\u00e9sente politique \u00e0 tout moment, sans pr\u00e9avis, et les changements peuvent s'appliquer \u00e0 toute information personnelle que nous d\u00e9tenons d\u00e9j\u00e0 \u00e0 votre sujet, ainsi qu'\u00e0 toute nouvelle information personnelle collect\u00e9e apr\u00e8s la modification de la politique. Si nous apportons des modifications, nous vous en informerons en r\u00e9visant la date figurant en t\u00eate de la pr\u00e9sente politique. Nous vous informerons \u00e0 l'avance de tout changement important dans la mani\u00e8re dont nous collectons, utilisons ou divulguons vos informations personnelles, qui aurait une incidence sur vos droits en vertu de la pr\u00e9sente politique. Si vous \u00eates situ\u00e9 dans une juridiction autre que l'Espace \u00e9conomique europ\u00e9en, le Royaume-Uni ou la Suisse (collectivement d\u00e9nomm\u00e9s \"pays europ\u00e9ens\"), le fait de continuer \u00e0 acc\u00e9der \u00e0 nos services ou \u00e0 les utiliser apr\u00e8s avoir re\u00e7u l'avis de modification constitue une reconnaissance de votre acceptation de la politique mise \u00e0 jour.<\/p>\n\n\n\n<p class=\"layout\">En outre, nous pouvons vous fournir des divulgations en temps r\u00e9el ou des informations suppl\u00e9mentaires sur les pratiques de traitement des informations personnelles de certaines parties de nos services. Ces avis peuvent compl\u00e9ter la pr\u00e9sente politique ou vous offrir des choix suppl\u00e9mentaires sur la mani\u00e8re dont nous traitons vos informations personnelles.<\/p>\n\n\n\n<p class=\"layout\"><strong>Informations personnelles collect\u00e9es<\/strong><\/p>\n\n\n\n<p class=\"layout lt\">Nous recueillons des informations personnelles lorsque vous utilisez nos services ou lorsque vous soumettez des informations personnelles sur le site. Les informations personnelles sont g\u00e9n\u00e9ralement des informations qui vous concernent, vous identifient personnellement ou pourraient \u00eatre utilis\u00e9es pour vous identifier, telles que votre nom, votre adresse \u00e9lectronique, votre num\u00e9ro de t\u00e9l\u00e9phone et votre adresse. La d\u00e9finition des informations personnelles varie selon les juridictions. Seule la d\u00e9finition qui s'applique \u00e0 vous en fonction de votre lieu de r\u00e9sidence s'applique \u00e0 vous dans le cadre de la pr\u00e9sente politique de protection de la vie priv\u00e9e. Les informations personnelles n'incluent pas les donn\u00e9es qui ont \u00e9t\u00e9 anonymis\u00e9es ou agr\u00e9g\u00e9es de mani\u00e8re irr\u00e9versible de sorte qu'elles ne nous permettent plus, que ce soit en combinaison avec d'autres informations ou autrement, de vous identifier.<\/p>\n\n\n\n<p class=\"layout\"><strong>Les types d'informations personnelles que nous pouvons collecter \u00e0 votre sujet sont les suivants :<\/strong><\/p>\n\n\n\n<p class=\"layout lt\">Les informations que vous nous fournissez directement et volontairement pour ex\u00e9cuter le contrat d'achat ou de service. Nous recueillons les informations personnelles que vous nous communiquez lorsque vous utilisez nos services. Par exemple, si vous visitez notre site et passez une commande, nous recueillons les informations que vous nous fournissez au cours du processus de commande. Ces informations comprennent votre nom de famille, votre adresse postale, votre adresse \u00e9lectronique, votre num\u00e9ro de t\u00e9l\u00e9phone, les produits qui vous int\u00e9ressent, Whatsapp, votre soci\u00e9t\u00e9 et votre pays. Nous pouvons \u00e9galement recueillir des informations personnelles lorsque vous communiquez avec l'un de nos services, comme le service client\u00e8le, ou lorsque vous remplissez des formulaires en ligne ou des enqu\u00eates fournies sur le site. Vous pouvez \u00e9galement choisir de nous communiquer votre adresse \u00e9lectronique si vous souhaitez recevoir des informations sur les produits et services que nous proposons.<\/p>\n\n\n\n<p class=\"layout\"><strong>Comment obtenir mon consentement ?<\/strong><\/p>\n\n\n\n<p class=\"layout\">Lorsque vous nous fournissez vos informations personnelles pour effectuer une transaction, v\u00e9rifier votre carte de cr\u00e9dit, passer une commande, programmer une livraison ou retourner un achat, nous partons du principe que vous consentez \u00e0 ce que nous recueillions vos informations et que nous les utilisions uniquement \u00e0 cette fin.<\/p>\n\n\n\n<p class=\"layout lt\">Si nous vous demandons de nous fournir vos informations personnelles pour une autre raison, par exemple \u00e0 des fins de marketing, nous vous demanderons directement votre consentement explicite ou nous vous donnerons la possibilit\u00e9 de refuser.<\/p>\n\n\n\n<p class=\"layout\"><strong>Comment puis-je retirer mon consentement ?<\/strong><\/p>\n\n\n\n<p class=\"layout lt\">Si, apr\u00e8s avoir donn\u00e9 votre consentement, vous changez d'avis et ne consentez plus \u00e0 ce que nous vous contactions, \u00e0 ce que nous recueillions vos informations ou \u00e0 ce que nous les divulguions, vous pouvez nous en informer en nous contactant.<\/p>\n\n\n\n<p class=\"layout\"><strong>Services fournis par des tiers<\/strong><\/p>\n\n\n\n<p class=\"layout\">En g\u00e9n\u00e9ral, les fournisseurs tiers auxquels nous faisons appel ne collectent, n'utilisent et ne divulguent vos informations que dans la mesure n\u00e9cessaire \u00e0 l'ex\u00e9cution des services qu'ils nous fournissent.<\/p>\n\n\n\n<p class=\"layout\">Toutefois, certains fournisseurs de services tiers, tels que les passerelles de paiement et autres processeurs de transactions de paiement, ont leur propre politique de confidentialit\u00e9 concernant les informations que nous sommes tenus de leur fournir pour vos transactions d'achat.<\/p>\n\n\n\n<p class=\"layout lt\">En ce qui concerne ces fournisseurs, nous vous recommandons de lire attentivement leurs politiques de confidentialit\u00e9 afin de comprendre comment ils traiteront vos informations personnelles.<br>Il convient de rappeler que certains fournisseurs peuvent \u00eatre situ\u00e9s ou avoir des installations situ\u00e9es dans une juridiction diff\u00e9rente de la v\u00f4tre ou de la n\u00f4tre. Par cons\u00e9quent, si vous d\u00e9cidez de proc\u00e9der \u00e0 une transaction n\u00e9cessitant les services d'un fournisseur tiers, vos informations peuvent \u00eatre r\u00e9gies par les lois de la juridiction dans laquelle ce fournisseur est situ\u00e9 ou par celles de la juridiction dans laquelle ses installations sont situ\u00e9es.<\/p>\n\n\n\n<p class=\"layout\"><strong>S\u00e9curit\u00e9<\/strong><\/p>\n\n\n\n<p class=\"layout lt\">Pour prot\u00e9ger vos donn\u00e9es personnelles, nous prenons des pr\u00e9cautions raisonnables et suivons les meilleures pratiques du secteur pour nous assurer qu'elles ne sont pas perdues, mal utilis\u00e9es, consult\u00e9es, divulgu\u00e9es, modifi\u00e9es ou d\u00e9truites de mani\u00e8re inappropri\u00e9e.<\/p>\n\n\n\n<p class=\"layout\"><strong>\u00c2ge de consentement<\/strong><\/p>\n\n\n\n<p class=\"layout lt\">En utilisant ce site, vous d\u00e9clarez que vous avez au moins l'\u00e2ge de la majorit\u00e9 dans votre \u00c9tat ou province de r\u00e9sidence et que vous nous avez donn\u00e9 votre accord pour permettre \u00e0 tout mineur dont vous avez la charge d'utiliser ce site.<\/p>\n\n\n\n<p class=\"layout\"><strong>Modifications de la pr\u00e9sente politique de confidentialit\u00e9<\/strong><\/p>\n\n\n\n<p class=\"layout\">Nous nous r\u00e9servons le droit de modifier la pr\u00e9sente politique de confidentialit\u00e9 \u00e0 tout moment. Les modifications et clarifications entreront en vigueur d\u00e8s leur publication sur le site web. Si nous apportons des modifications au contenu de la pr\u00e9sente politique, nous vous informerons ici qu'elle a \u00e9t\u00e9 mise \u00e0 jour, afin que vous sachiez quelles informations nous recueillons, comment nous les utilisons et dans quelles circonstances nous les divulguons. Nous vous ferons savoir si nous avons une raison de le faire.<\/p>\n\n\n\n<p class=\"layout lt\">Si notre magasin est rachet\u00e9 par une autre soci\u00e9t\u00e9 ou fusionn\u00e9 avec elle, vos informations peuvent \u00eatre transf\u00e9r\u00e9es aux nouveaux propri\u00e9taires afin que nous puissions continuer \u00e0 vous vendre des produits.<\/p>\n\n\n\n<p class=\"layout\"><strong>Questions et informations de contact<\/strong><\/p>\n\n\n\n<p style=\"padding-bottom:50px\" class=\"layout\">Si vous souhaitez : acc\u00e9der, corriger, modifier ou supprimer toute information personnelle que nous d\u00e9tenons \u00e0 votre sujet, d\u00e9poser une plainte, ou simplement obtenir plus d'informations, contactez-nous par courrier \u00e9lectronique au bas de la page.<\/p>\n\n\n\n<style>\np{\npadding-bottom:30px;\n\n}\n.lt{\nborder-bottom:1px solid #cbcbcb;\n    margin-bottom: 30px;\n}\n#outerContainer_1703183975021 {\n    background: url(\/wp-content\/uploads\/2025\/06\/bianzu-7beifen-5.webp) no-repeat scroll center center;\n    background-size: cover;\n    height:12vw;\n    border-left: 0 solid #000;\n    border-right: 0 solid #000;\n    border-top: 0 solid #000;\n    border-bottom: 0 solid #000;\n    border-top-right-radius: 0;\n    border-top-left-radius: 0;\n    border-bottom-right-radius: 0;\n    border-bottom-left-radius: 0;\n    margin-top: 0;\n    margin-bottom: 0;\n    padding-top: 0;\n    padding-bottom: 0;\n    box-shadow: 0;\n}\n.mg{\npadding:30px 0\n}\n\nli{\nline-height:1.8em\n}\n.sh{\nmargin:30px auto 40px;\n}\n.th{\nmargin:40px 0 35px;\nfont-size: 30px;\n\n}\n.bt{\nmargin-bottom:30px\n}\n.border-img img{\nborder-radius:20px\n\n}\n\n.ab-img{\n background-image: linear-gradient(180deg,rgba(0,0,0,0.7) 0%,rgba(0,0,0,0.7) 100%),url(\/wp-content\/uploads\/2025\/06\/Taile-Heat-Press-Machine-Factory.webp);\n    padding: 7%;\n    background-position: center;\nbackground-size:cover;\n    text-align: center;\n}\n.ab-des p{\nfont-size:20px\n}\n.icon-body ul li img{\n\nwidth:90px!important\n\n}\n.ab-body3{\n background-image: linear-gradient(180deg,rgba(0,0,0,0.75) 0%,rgba(0,0,0,0.75) 100%),url(\/wp-content\/uploads\/2025\/06\/Taile-Heat-Press-Machine-Factory-2.webp)!important;\n    padding: 5% 0%;\n    background-position: center;\nbackground-size:cover;\n    text-align: center;\nmargin:55px 0\n}\nh3{\ncolor:#000;\nfont-size:24px;\nmargin:30px auto 20px\n}\n.ab-body5{\n background-image: linear-gradient(180deg,rgba(0,0,0,0.7) 0%,rgba(0,0,0,0.7) 100%),url(\/wp-content\/uploads\/2025\/03\/hygts.webp)!important;\n    padding: 5% 0%;\n    background-position: center;\nbackground-size:cover;\n    text-align: center;\n}\n.ab-body{\npadding:35px 0 0;\nmargin:0 0 50px 0\n}\n.ab-des h2{\ntext-align:center;\ncolor:#fff;\nfont-size:32px;\n    margin-bottom: 30px;\n\n}\n.ab-des p{\ntext-align:center;\ncolor:#fff;\nline-height:1.8em\n}\n\n.ab-btn{\n    font-size: 16px;\n    line-height: 18px;\n    padding: 14px 28px;\n    border-radius: 0px;\n    -moz-border-radius: 0px;\n    -webkit-border-radius: 0px;\n    background: #76cccc;\n    border: 1px solid #76cccc;\n    color:#fff;\n    margin-top: 30px;\n      text-transform: uppercase;\nborder-radius:5px\n\n}\n.ab-btn:hover{\ncolor:#76cccc;\nbackground:#fff;\ncursor:pointer\n\n\n}\n\n\n.ab-body2{\n   \n\n}\n.icon-body ul{\ndisplay:flex;\njustify-content:space-between;\n    flex-flow: row wrap;\n}\n.icon-body ul li{\ntext-align:center;\nbackground:#fff;\npadding: 20px;\nwidth:24.5%;\n   \n\n}\n\n\n.companyImg li{\n\npadding:0!important\n\n}\n.companyImg li img{\nwidth:100%!important\n\n\n}\n.icon-body{\n background-color: rgba(0,0,0, 0.05);\n    padding: 50px 30px 30px;\n}\n\n\n.tt-list{\ndisplay:flex;\nalign-items:center;\nmargin-bottom:20px\n\n\n}\n.ab-body3 ul li{\nmargin-bottom:25px\n\n}\n.tt-list img{\nmargin-right:10px\n}\n\n..ab-img{\n background-image: linear-gradient(180deg,rgba(0,0,0,0.5) 0%,rgba(0,0,0,0.5) 100%),url(\/wp-content\/uploads\/2025\/02\/factory-3.webp)!important;\n    padding: 20% 10%;\n    background-position: center;\nbackground-size:cover;\n    text-align: center;\n}\n.ab-body{\npadding:35px 0 0\n}\n.ab-des h2{\ntext-align:center;\ncolor:#fff;\nfont-size:32px;\n    margin-bottom: 30px;\n\n}\n\n\n\n\n.ab-body2{\n   \n\n}\n.icon-body ul{\ndisplay:flex;\njustify-content:space-between\n}\n.icon-body ul li{\ntext-align:center;\nbackground:#fff;\npadding: 20px;\nwidth:49%;\n margin-bottom: 2%;\n\n}\n\n.icon-body{\n background-color: rgba(0,0,0, 0.05);\n    padding: 50px 30px 30px;\n}\n\n\n.tt-list{\ndisplay:flex;\nalign-items:center;\nmargin-bottom:20px\n\n}\n.ab-body3 ul li{\nmargin-bottom:25px\n\n}\n.tt-list img{\nmargin-right:10px\n}\n..ab-img{\n background-image: linear-gradient(180deg,rgba(0,0,0,0.5) 0%,rgba(0,0,0,0.5) 100%),url(\/wp-content\/uploads\/2025\/02\/factory-3.webp)!important;\n    padding: 20% 10%;\n    background-position: center;\nbackground-size:cover;\n    text-align: center;\n}\n.ab-body{\npadding:35px 0 0\n}\n.ab-des h2{\ntext-align:center;\ncolor:#fff;\nfont-size:32px;\n    margin-bottom: 30px;\n\n}\n\n\n.ab-body2{\n   \n\n}\n.icon-body ul{\ndisplay:flex;\njustify-content:space-between\n}\n\n\n.icon-body{\n background-color: rgba(0,0,0, 0.05);\n    padding: 50px 30px 30px;\n}\n.icon-body li p span{\n\nfont-size:15px!important\n}\n.icon-body li p {\ntext-align:left;\n\n}\n\n.tt-list{\ndisplay:flex;\nalign-items:center;\nmargin-bottom:20px\n\n}\n.ab-body3 ul li{\nmargin-bottom:25px\n\n}\n.tt-list img{\nmargin-right:10px\n}\n\n.ab-body4{\npadding-bottom:45px\n}\n@media screen and (max-width:981px){\n\n.icon-body ul{\nflex-flow:row wrap\n}\n.icon-body ul li{\nwidth:100%}\n\n}\n\n.companyImg{\ndisplay:inherit!important\n}\n.ab-body2 .companyImg li img{\nwidth:100%!important;\n}\n.ab-body2 .companyImg li{\nwidth:100%!important;\npadding:0!important;\nmargin-bottom:20px\n\n}\n\n.countryList li{\nline-height:2em\n\n}\n\n\n<\/style>\n\n\n\n<style>\n@media screen and (max-width:781px){\n body article .af .wp-block-column{\nflex-basis:45%!important;\nwidth:45%!important\n\n}\n#outerContainer_1703183975021{\nheight:20vw!important\n}\n}\n\n<\/style>","protected":false},"excerpt":{"rendered":"<p>Home Privacy Policy Privacy Policy This Privacy Policy explains how &#8220;we&#8221; collect, use, share and process your information as well as the rights and choices you have associated with that information. This privacy policy applies to all personal information collected during any written, electronic and oral communication, or personal information collected online or offline, including: [&hellip;]<\/p>","protected":false},"author":1,"featured_media":0,"parent":0,"menu_order":0,"comment_status":"closed","ping_status":"closed","template":"","meta":{"footnotes":""},"class_list":["post-3762","page","type-page","status-publish","hentry"],"yoast_head":"<!-- This site is optimized with the Yoast SEO plugin v24.4 - https:\/\/yoast.com\/wordpress\/plugins\/seo\/ -->\n<title>Privacy Policy - RECTE HYDRAULIC<\/title>\n<meta name=\"description\" content=\"Recte Hydraulic specializes in manufacturing durable hydraulic cylinders, systems, and components for industrial applications. Get custom solutions, reliable performance, and global exports.\" \/>\n<meta name=\"robots\" content=\"index, follow, max-snippet:-1, max-image-preview:large, max-video-preview:-1\" \/>\n<link rel=\"canonical\" href=\"https:\/\/www.rectehydraulic.com\/fr\/privacy-policy\/\" \/>\n<meta property=\"og:locale\" content=\"fr_FR\" \/>\n<meta property=\"og:type\" content=\"article\" \/>\n<meta property=\"og:title\" content=\"Privacy Policy - RECTE HYDRAULIC\" \/>\n<meta property=\"og:description\" content=\"Recte Hydraulic specializes in manufacturing durable hydraulic cylinders, systems, and components for industrial applications. Get custom solutions, reliable performance, and global exports.\" \/>\n<meta property=\"og:url\" content=\"https:\/\/www.rectehydraulic.com\/fr\/privacy-policy\/\" \/>\n<meta property=\"og:site_name\" content=\"RECTE HYDRAULIC\" \/>\n<meta property=\"article:publisher\" content=\"https:\/\/www.facebook.com\/rectehydraulic\/\" \/>\n<meta property=\"article:modified_time\" content=\"2025-06-18T09:49:49+00:00\" \/>\n<meta name=\"twitter:card\" content=\"summary_large_image\" \/>\n<meta name=\"twitter:label1\" content=\"Est. reading time\" \/>\n\t<meta name=\"twitter:data1\" content=\"5 minutes\" \/>\n<script type=\"application\/ld+json\" class=\"yoast-schema-graph\">{\"@context\":\"https:\/\/schema.org\",\"@graph\":[{\"@type\":\"WebPage\",\"@id\":\"https:\/\/www.rectehydraulic.com\/privacy-policy\/\",\"url\":\"https:\/\/www.rectehydraulic.com\/privacy-policy\/\",\"name\":\"Privacy Policy - RECTE HYDRAULIC\",\"isPartOf\":{\"@id\":\"https:\/\/www.rectehydraulic.com\/#website\"},\"datePublished\":\"2025-06-18T09:38:12+00:00\",\"dateModified\":\"2025-06-18T09:49:49+00:00\",\"description\":\"Recte Hydraulic specializes in manufacturing durable hydraulic cylinders, systems, and components for industrial applications. Get custom solutions, reliable performance, and global exports.\",\"breadcrumb\":{\"@id\":\"https:\/\/www.rectehydraulic.com\/privacy-policy\/#breadcrumb\"},\"inLanguage\":\"fr-FR\",\"potentialAction\":[{\"@type\":\"ReadAction\",\"target\":[\"https:\/\/www.rectehydraulic.com\/privacy-policy\/\"]}]},{\"@type\":\"BreadcrumbList\",\"@id\":\"https:\/\/www.rectehydraulic.com\/privacy-policy\/#breadcrumb\",\"itemListElement\":[{\"@type\":\"ListItem\",\"position\":1,\"name\":\"Home\",\"item\":\"https:\/\/www.rectehydraulic.com\/\"},{\"@type\":\"ListItem\",\"position\":2,\"name\":\"Privacy Policy\"}]},{\"@type\":\"WebSite\",\"@id\":\"https:\/\/www.rectehydraulic.com\/#website\",\"url\":\"https:\/\/www.rectehydraulic.com\/\",\"name\":\"RECTE HYDRAULIC\",\"description\":\"RECTE HYDRAULIC\",\"publisher\":{\"@id\":\"https:\/\/www.rectehydraulic.com\/#organization\"},\"potentialAction\":[{\"@type\":\"SearchAction\",\"target\":{\"@type\":\"EntryPoint\",\"urlTemplate\":\"https:\/\/www.rectehydraulic.com\/?s={search_term_string}\"},\"query-input\":{\"@type\":\"PropertyValueSpecification\",\"valueRequired\":true,\"valueName\":\"search_term_string\"}}],\"inLanguage\":\"fr-FR\"},{\"@type\":\"Organization\",\"@id\":\"https:\/\/www.rectehydraulic.com\/#organization\",\"name\":\"HEBEI RECTE HYDRAULIC CO.,LTD\",\"url\":\"https:\/\/www.rectehydraulic.com\/\",\"logo\":{\"@type\":\"ImageObject\",\"inLanguage\":\"fr-FR\",\"@id\":\"https:\/\/www.rectehydraulic.com\/#\/schema\/logo\/image\/\",\"url\":\"https:\/\/www.rectehydraulic.com\/wp-content\/uploads\/2025\/06\/cropped-RECTE-Complete-Hydraulic-Accessory-System-Supplier.webp\",\"contentUrl\":\"https:\/\/www.rectehydraulic.com\/wp-content\/uploads\/2025\/06\/cropped-RECTE-Complete-Hydraulic-Accessory-System-Supplier.webp\",\"width\":500,\"height\":129,\"caption\":\"HEBEI RECTE HYDRAULIC CO.,LTD\"},\"image\":{\"@id\":\"https:\/\/www.rectehydraulic.com\/#\/schema\/logo\/image\/\"},\"sameAs\":[\"https:\/\/www.facebook.com\/rectehydraulic\/\",\"https:\/\/www.linkedin.com\/in\/chinahydraulicmotors\/\",\"http:\/\/instagram.com\/rectehydraulic\",\"https:\/\/www.youtube.com\/@rectehydraulic\"]}]}<\/script>\n<!-- \/ Yoast SEO plugin. -->","yoast_head_json":{"title":"Privacy Policy - RECTE HYDRAULIC","description":"Recte Hydraulic specializes in manufacturing durable hydraulic cylinders, systems, and components for industrial applications. Get custom solutions, reliable performance, and global exports.","robots":{"index":"index","follow":"follow","max-snippet":"max-snippet:-1","max-image-preview":"max-image-preview:large","max-video-preview":"max-video-preview:-1"},"canonical":"https:\/\/www.rectehydraulic.com\/fr\/privacy-policy\/","og_locale":"fr_FR","og_type":"article","og_title":"Privacy Policy - RECTE HYDRAULIC","og_description":"Recte Hydraulic specializes in manufacturing durable hydraulic cylinders, systems, and components for industrial applications. Get custom solutions, reliable performance, and global exports.","og_url":"https:\/\/www.rectehydraulic.com\/fr\/privacy-policy\/","og_site_name":"RECTE HYDRAULIC","article_publisher":"https:\/\/www.facebook.com\/rectehydraulic\/","article_modified_time":"2025-06-18T09:49:49+00:00","twitter_card":"summary_large_image","twitter_misc":{"Est. reading time":"5 minutes"},"schema":{"@context":"https:\/\/schema.org","@graph":[{"@type":"WebPage","@id":"https:\/\/www.rectehydraulic.com\/privacy-policy\/","url":"https:\/\/www.rectehydraulic.com\/privacy-policy\/","name":"Privacy Policy - RECTE HYDRAULIC","isPartOf":{"@id":"https:\/\/www.rectehydraulic.com\/#website"},"datePublished":"2025-06-18T09:38:12+00:00","dateModified":"2025-06-18T09:49:49+00:00","description":"Recte Hydraulic specializes in manufacturing durable hydraulic cylinders, systems, and components for industrial applications. Get custom solutions, reliable performance, and global exports.","breadcrumb":{"@id":"https:\/\/www.rectehydraulic.com\/privacy-policy\/#breadcrumb"},"inLanguage":"fr-FR","potentialAction":[{"@type":"ReadAction","target":["https:\/\/www.rectehydraulic.com\/privacy-policy\/"]}]},{"@type":"BreadcrumbList","@id":"https:\/\/www.rectehydraulic.com\/privacy-policy\/#breadcrumb","itemListElement":[{"@type":"ListItem","position":1,"name":"Home","item":"https:\/\/www.rectehydraulic.com\/"},{"@type":"ListItem","position":2,"name":"Privacy Policy"}]},{"@type":"WebSite","@id":"https:\/\/www.rectehydraulic.com\/#website","url":"https:\/\/www.rectehydraulic.com\/","name":"RECTE HYDRAULIC","description":"RECTE HYDRAULIC","publisher":{"@id":"https:\/\/www.rectehydraulic.com\/#organization"},"potentialAction":[{"@type":"SearchAction","target":{"@type":"EntryPoint","urlTemplate":"https:\/\/www.rectehydraulic.com\/?s={search_term_string}"},"query-input":{"@type":"PropertyValueSpecification","valueRequired":true,"valueName":"search_term_string"}}],"inLanguage":"fr-FR"},{"@type":"Organization","@id":"https:\/\/www.rectehydraulic.com\/#organization","name":"HEBEI RECTE HYDRAULIC CO.,LTD","url":"https:\/\/www.rectehydraulic.com\/","logo":{"@type":"ImageObject","inLanguage":"fr-FR","@id":"https:\/\/www.rectehydraulic.com\/#\/schema\/logo\/image\/","url":"https:\/\/www.rectehydraulic.com\/wp-content\/uploads\/2025\/06\/cropped-RECTE-Complete-Hydraulic-Accessory-System-Supplier.webp","contentUrl":"https:\/\/www.rectehydraulic.com\/wp-content\/uploads\/2025\/06\/cropped-RECTE-Complete-Hydraulic-Accessory-System-Supplier.webp","width":500,"height":129,"caption":"HEBEI RECTE HYDRAULIC CO.,LTD"},"image":{"@id":"https:\/\/www.rectehydraulic.com\/#\/schema\/logo\/image\/"},"sameAs":["https:\/\/www.facebook.com\/rectehydraulic\/","https:\/\/www.linkedin.com\/in\/chinahydraulicmotors\/","http:\/\/instagram.com\/rectehydraulic","https:\/\/www.youtube.com\/@rectehydraulic"]}]}},"_links":{"self":[{"href":"https:\/\/www.rectehydraulic.com\/fr\/wp-json\/wp\/v2\/pages\/3762","targetHints":{"allow":["GET"]}}],"collection":[{"href":"https:\/\/www.rectehydraulic.com\/fr\/wp-json\/wp\/v2\/pages"}],"about":[{"href":"https:\/\/www.rectehydraulic.com\/fr\/wp-json\/wp\/v2\/types\/page"}],"author":[{"embeddable":true,"href":"https:\/\/www.rectehydraulic.com\/fr\/wp-json\/wp\/v2\/users\/1"}],"replies":[{"embeddable":true,"href":"https:\/\/www.rectehydraulic.com\/fr\/wp-json\/wp\/v2\/comments?post=3762"}],"version-history":[{"count":19,"href":"https:\/\/www.rectehydraulic.com\/fr\/wp-json\/wp\/v2\/pages\/3762\/revisions"}],"predecessor-version":[{"id":3788,"href":"https:\/\/www.rectehydraulic.com\/fr\/wp-json\/wp\/v2\/pages\/3762\/revisions\/3788"}],"wp:attachment":[{"href":"https:\/\/www.rectehydraulic.com\/fr\/wp-json\/wp\/v2\/media?parent=3762"}],"curies":[{"name":"wp","href":"https:\/\/api.w.org\/{rel}","templated":true}]}}