{"id":3762,"date":"2025-06-18T09:38:12","date_gmt":"2025-06-18T09:38:12","guid":{"rendered":"https:\/\/www.rectehydraulic.com\/?page_id=3762"},"modified":"2025-06-18T09:49:49","modified_gmt":"2025-06-18T09:49:49","slug":"privacy-policy","status":"publish","type":"page","link":"https:\/\/www.rectehydraulic.com\/pt\/privacy-policy\/","title":{"rendered":"Pol\u00edtica de privacidade"},"content":{"rendered":"<div class=\"path_bar\" id=\"profile\">\n        <div class=\"layout\" style=\"margin:0 auto\">\n            <ul>\n                <li><a href=\"\/\">In\u00edcio<\/a><\/li>\n                <!--\u9762\u5305\u5c51-->\n               <li><a href=\"\">Pol\u00edtica de privacidade<\/a><\/li>\n            <\/ul>\n        <\/div>\n    <\/div>\n\n\n\n<h1 class=\"wp-block-heading has-text-align-center sh\" style=\"font-size:30px\">Pol\u00edtica de privacidade<\/h1>\n\n\n\n<p class=\"layout\">Esta Pol\u00edtica de Privacidade explica como \"n\u00f3s\" recolhemos, utilizamos, partilhamos e processamos as suas informa\u00e7\u00f5es, bem como os direitos e op\u00e7\u00f5es que tem associados a essas informa\u00e7\u00f5es. Esta pol\u00edtica de privacidade aplica-se a todas as informa\u00e7\u00f5es pessoais recolhidas durante qualquer comunica\u00e7\u00e3o escrita, eletr\u00f3nica e oral, ou informa\u00e7\u00f5es pessoais recolhidas online ou offline, incluindo: o nosso s\u00edtio Web e qualquer outro correio eletr\u00f3nico.<\/p>\n\n\n\n<p class=\"layout\">Leia os nossos Termos e Condi\u00e7\u00f5es e esta Pol\u00edtica antes de aceder ou utilizar os nossos Servi\u00e7os. Se n\u00e3o concordar com esta Pol\u00edtica ou com os Termos e Condi\u00e7\u00f5es, n\u00e3o aceda nem utilize os nossos Servi\u00e7os. Se o utilizador estiver localizado numa jurisdi\u00e7\u00e3o fora do Espa\u00e7o Econ\u00f3mico Europeu, ao adquirir os nossos produtos ou utilizar os nossos servi\u00e7os, aceita os termos e condi\u00e7\u00f5es e as nossas pr\u00e1ticas de privacidade, conforme descrito nesta pol\u00edtica.<\/p>\n\n\n\n<p class=\"layout\">Podemos modificar esta Pol\u00edtica em qualquer altura, sem aviso pr\u00e9vio, e as altera\u00e7\u00f5es podem aplicar-se a quaisquer Informa\u00e7\u00f5es Pessoais que j\u00e1 tenhamos sobre o utilizador, bem como a quaisquer novas Informa\u00e7\u00f5es Pessoais recolhidas ap\u00f3s a modifica\u00e7\u00e3o da Pol\u00edtica. Se efectuarmos altera\u00e7\u00f5es, notific\u00e1-lo-emos atrav\u00e9s da revis\u00e3o da data no topo desta Pol\u00edtica. Avis\u00e1-lo-emos com anteced\u00eancia se fizermos quaisquer altera\u00e7\u00f5es materiais \u00e0 forma como recolhemos, utilizamos ou divulgamos as suas Informa\u00e7\u00f5es Pessoais que afectem os seus direitos ao abrigo desta Pol\u00edtica. Se estiver localizado numa jurisdi\u00e7\u00e3o que n\u00e3o seja o Espa\u00e7o Econ\u00f3mico Europeu, o Reino Unido ou a Su\u00ed\u00e7a (coletivamente \"Pa\u00edses Europeus\"), o seu acesso ou utiliza\u00e7\u00e3o continuada dos nossos Servi\u00e7os ap\u00f3s receber o aviso de altera\u00e7\u00f5es constitui o seu reconhecimento de que aceita a Pol\u00edtica actualizada.<\/p>\n\n\n\n<p class=\"layout\">Al\u00e9m disso, podemos fornecer-lhe divulga\u00e7\u00f5es em tempo real ou informa\u00e7\u00f5es adicionais sobre as pr\u00e1ticas de tratamento de Informa\u00e7\u00f5es Pessoais de partes espec\u00edficas dos nossos Servi\u00e7os. Esses avisos podem complementar esta Pol\u00edtica ou fornecer ao utilizador op\u00e7\u00f5es adicionais sobre a forma como processamos as suas Informa\u00e7\u00f5es Pessoais.<\/p>\n\n\n\n<p class=\"layout\"><strong>Informa\u00e7\u00f5es pessoais que recolhemos<\/strong><\/p>\n\n\n\n<p class=\"layout lt\">Recolhemos informa\u00e7\u00f5es pessoais quando o utilizador utiliza os nossos Servi\u00e7os, envia informa\u00e7\u00f5es pessoais quando solicitado no S\u00edtio. De um modo geral, as informa\u00e7\u00f5es pessoais s\u00e3o quaisquer informa\u00e7\u00f5es relacionadas com o utilizador, que o identifiquem pessoalmente ou que possam ser utilizadas para o identificar, tais como o seu nome, endere\u00e7o de correio eletr\u00f3nico, n\u00famero de telefone e morada. A defini\u00e7\u00e3o de informa\u00e7\u00f5es pessoais varia consoante a jurisdi\u00e7\u00e3o. Apenas a defini\u00e7\u00e3o que se aplica ao utilizador com base na sua localiza\u00e7\u00e3o se aplica a si ao abrigo desta Pol\u00edtica de privacidade. As informa\u00e7\u00f5es pessoais n\u00e3o incluem dados que tenham sido irreversivelmente anonimizados ou agregados de modo a que j\u00e1 n\u00e3o nos permitam, em combina\u00e7\u00e3o com outras informa\u00e7\u00f5es ou de outra forma, identific\u00e1-lo.<\/p>\n\n\n\n<p class=\"layout\"><strong>Os tipos de informa\u00e7\u00f5es pessoais que podemos recolher sobre o utilizador incluem:<\/strong><\/p>\n\n\n\n<p class=\"layout lt\">Informa\u00e7\u00f5es que o utilizador nos fornece direta e voluntariamente para executar o contrato de compra ou de servi\u00e7os. Recolhemos as informa\u00e7\u00f5es pessoais que o utilizador nos fornece quando utiliza os nossos Servi\u00e7os. Por exemplo, se o utilizador visitar o nosso Site e efetuar uma encomenda, recolhemos as informa\u00e7\u00f5es que nos fornece durante o processo de encomenda. Esta informa\u00e7\u00e3o incluir\u00e1 o seu apelido, endere\u00e7o postal, endere\u00e7o de correio eletr\u00f3nico, n\u00famero de telefone, produtos interessados, Whatsapp, empresa, pa\u00eds. Tamb\u00e9m podemos recolher informa\u00e7\u00f5es pessoais quando o utilizador comunica com qualquer um dos nossos departamentos, como o servi\u00e7o de apoio ao cliente, ou quando preenche formul\u00e1rios online ou inqu\u00e9ritos fornecidos no S\u00edtio. O utilizador pode tamb\u00e9m optar por nos fornecer o seu endere\u00e7o de correio eletr\u00f3nico se pretender receber informa\u00e7\u00f5es sobre os produtos e servi\u00e7os que oferecemos.<\/p>\n\n\n\n<p class=\"layout\"><strong>Como \u00e9 que obt\u00eam o meu consentimento?<\/strong><\/p>\n\n\n\n<p class=\"layout\">Quando nos fornece as suas informa\u00e7\u00f5es pessoais para concluir uma transa\u00e7\u00e3o, verificar o seu cart\u00e3o de cr\u00e9dito, efetuar uma encomenda, agendar uma entrega ou devolver uma compra, partimos do princ\u00edpio de que consente que recolhamos as suas informa\u00e7\u00f5es e as utilizemos apenas para esse fim.<\/p>\n\n\n\n<p class=\"layout lt\">Se lhe pedirmos que nos forne\u00e7a as suas informa\u00e7\u00f5es pessoais por outro motivo, como por exemplo para fins de marketing, pedir-lhe-emos diretamente o seu consentimento expresso ou dar-lhe-emos a oportunidade de recusar.<\/p>\n\n\n\n<p class=\"layout\"><strong>Como posso retirar o meu consentimento?<\/strong><\/p>\n\n\n\n<p class=\"layout lt\">Se, depois de nos ter dado o seu consentimento, mudar de ideias e deixar de consentir que o contactemos, recolhamos as suas informa\u00e7\u00f5es ou as divulguemos, pode notificar-nos contactando-nos.<\/p>\n\n\n\n<p class=\"layout\"><strong>Servi\u00e7os prestados por terceiros<\/strong><\/p>\n\n\n\n<p class=\"layout\">De um modo geral, os fornecedores terceiros a que recorremos apenas recolhem, utilizam e divulgam as suas informa\u00e7\u00f5es na medida do necess\u00e1rio para executar os servi\u00e7os que nos prestam.<\/p>\n\n\n\n<p class=\"layout\">No entanto, determinados fornecedores de servi\u00e7os terceiros, tais como gateways de pagamento e outros processadores de transac\u00e7\u00f5es de pagamento, t\u00eam as suas pr\u00f3prias pol\u00edticas de privacidade relativamente \u00e0s informa\u00e7\u00f5es que somos obrigados a fornecer-lhes para as suas transac\u00e7\u00f5es de compra.<\/p>\n\n\n\n<p class=\"layout lt\">No que diz respeito a estes fornecedores, recomendamos que leia atentamente as suas pol\u00edticas de privacidade para que possa compreender a forma como tratam as suas informa\u00e7\u00f5es pessoais.<br>Conv\u00e9m lembrar que alguns fornecedores podem estar localizados ou ter instala\u00e7\u00f5es localizadas numa jurisdi\u00e7\u00e3o diferente da sua ou da nossa. Assim, se decidir prosseguir com uma transa\u00e7\u00e3o que requeira os servi\u00e7os de um fornecedor terceiro, as suas informa\u00e7\u00f5es poder\u00e3o ser regidas pelas leis da jurisdi\u00e7\u00e3o em que esse fornecedor est\u00e1 localizado ou pelas leis da jurisdi\u00e7\u00e3o em que as suas instala\u00e7\u00f5es est\u00e3o localizadas.<\/p>\n\n\n\n<p class=\"layout\"><strong>Seguran\u00e7a<\/strong><\/p>\n\n\n\n<p class=\"layout lt\">Para proteger os seus dados pessoais, tomamos precau\u00e7\u00f5es razo\u00e1veis e seguimos as melhores pr\u00e1ticas do sector para garantir que n\u00e3o s\u00e3o perdidos, utilizados indevidamente, acedidos, divulgados, alterados ou destru\u00eddos de forma inadequada.<\/p>\n\n\n\n<p class=\"layout\"><strong>Idade de consentimento<\/strong><\/p>\n\n\n\n<p class=\"layout lt\">Ao utilizar este s\u00edtio, o utilizador declara que tem pelo menos a idade da maioridade no seu estado ou prov\u00edncia de resid\u00eancia e que nos deu o seu consentimento para permitir que qualquer menor a seu cargo utilize este s\u00edtio Web.<\/p>\n\n\n\n<p class=\"layout\"><strong>Altera\u00e7\u00f5es a esta pol\u00edtica de privacidade<\/strong><\/p>\n\n\n\n<p class=\"layout\">Reservamo-nos o direito de alterar a presente Pol\u00edtica de Privacidade em qualquer altura, pelo que a deve consultar com frequ\u00eancia. As altera\u00e7\u00f5es e esclarecimentos entrar\u00e3o em vigor imediatamente ap\u00f3s a sua publica\u00e7\u00e3o no s\u00edtio Web. Se fizermos quaisquer altera\u00e7\u00f5es ao conte\u00fado desta pol\u00edtica, notific\u00e1-lo-emos aqui de que foi actualizada, para que saiba que informa\u00e7\u00f5es recolhemos, como as utilizamos e em que circunst\u00e2ncias as divulgamos. Inform\u00e1-lo-emos se tivermos uma raz\u00e3o para o fazer.<\/p>\n\n\n\n<p class=\"layout lt\">Se a nossa loja for adquirida ou fundida com outra empresa, as suas informa\u00e7\u00f5es podem ser transferidas para os novos propriet\u00e1rios, para que possamos continuar a vender-lhe produtos.<\/p>\n\n\n\n<p class=\"layout\"><strong>Perguntas e informa\u00e7\u00f5es de contacto<\/strong><\/p>\n\n\n\n<p style=\"padding-bottom:50px\" class=\"layout\">Se pretender: aceder, corrigir, alterar ou apagar quaisquer informa\u00e7\u00f5es pessoais que tenhamos sobre si, apresentar uma queixa ou simplesmente pretender mais informa\u00e7\u00f5es, contacte-nos por correio eletr\u00f3nico no final da p\u00e1gina.<\/p>\n\n\n\n<style>\np{\npadding-bottom:30px;\n\n}\n.lt{\nborder-bottom:1px solid #cbcbcb;\n    margin-bottom: 30px;\n}\n#outerContainer_1703183975021 {\n    background: url(\/wp-content\/uploads\/2025\/06\/bianzu-7beifen-5.webp) no-repeat scroll center center;\n    background-size: cover;\n    height:12vw;\n    border-left: 0 solid #000;\n    border-right: 0 solid #000;\n    border-top: 0 solid #000;\n    border-bottom: 0 solid #000;\n    border-top-right-radius: 0;\n    border-top-left-radius: 0;\n    border-bottom-right-radius: 0;\n    border-bottom-left-radius: 0;\n    margin-top: 0;\n    margin-bottom: 0;\n    padding-top: 0;\n    padding-bottom: 0;\n    box-shadow: 0;\n}\n.mg{\npadding:30px 0\n}\n\nli{\nline-height:1.8em\n}\n.sh{\nmargin:30px auto 40px;\n}\n.th{\nmargin:40px 0 35px;\nfont-size: 30px;\n\n}\n.bt{\nmargin-bottom:30px\n}\n.border-img img{\nborder-radius:20px\n\n}\n\n.ab-img{\n background-image: linear-gradient(180deg,rgba(0,0,0,0.7) 0%,rgba(0,0,0,0.7) 100%),url(\/wp-content\/uploads\/2025\/06\/Taile-Heat-Press-Machine-Factory.webp);\n    padding: 7%;\n    background-position: center;\nbackground-size:cover;\n    text-align: center;\n}\n.ab-des p{\nfont-size:20px\n}\n.icon-body ul li img{\n\nwidth:90px!important\n\n}\n.ab-body3{\n background-image: linear-gradient(180deg,rgba(0,0,0,0.75) 0%,rgba(0,0,0,0.75) 100%),url(\/wp-content\/uploads\/2025\/06\/Taile-Heat-Press-Machine-Factory-2.webp)!important;\n    padding: 5% 0%;\n    background-position: center;\nbackground-size:cover;\n    text-align: center;\nmargin:55px 0\n}\nh3{\ncolor:#000;\nfont-size:24px;\nmargin:30px auto 20px\n}\n.ab-body5{\n background-image: linear-gradient(180deg,rgba(0,0,0,0.7) 0%,rgba(0,0,0,0.7) 100%),url(\/wp-content\/uploads\/2025\/03\/hygts.webp)!important;\n    padding: 5% 0%;\n    background-position: center;\nbackground-size:cover;\n    text-align: center;\n}\n.ab-body{\npadding:35px 0 0;\nmargin:0 0 50px 0\n}\n.ab-des h2{\ntext-align:center;\ncolor:#fff;\nfont-size:32px;\n    margin-bottom: 30px;\n\n}\n.ab-des p{\ntext-align:center;\ncolor:#fff;\nline-height:1.8em\n}\n\n.ab-btn{\n    font-size: 16px;\n    line-height: 18px;\n    padding: 14px 28px;\n    border-radius: 0px;\n    -moz-border-radius: 0px;\n    -webkit-border-radius: 0px;\n    background: #76cccc;\n    border: 1px solid #76cccc;\n    color:#fff;\n    margin-top: 30px;\n      text-transform: uppercase;\nborder-radius:5px\n\n}\n.ab-btn:hover{\ncolor:#76cccc;\nbackground:#fff;\ncursor:pointer\n\n\n}\n\n\n.ab-body2{\n   \n\n}\n.icon-body ul{\ndisplay:flex;\njustify-content:space-between;\n    flex-flow: row wrap;\n}\n.icon-body ul li{\ntext-align:center;\nbackground:#fff;\npadding: 20px;\nwidth:24.5%;\n   \n\n}\n\n\n.companyImg li{\n\npadding:0!important\n\n}\n.companyImg li img{\nwidth:100%!important\n\n\n}\n.icon-body{\n background-color: rgba(0,0,0, 0.05);\n    padding: 50px 30px 30px;\n}\n\n\n.tt-list{\ndisplay:flex;\nalign-items:center;\nmargin-bottom:20px\n\n\n}\n.ab-body3 ul li{\nmargin-bottom:25px\n\n}\n.tt-list img{\nmargin-right:10px\n}\n\n..ab-img{\n background-image: linear-gradient(180deg,rgba(0,0,0,0.5) 0%,rgba(0,0,0,0.5) 100%),url(\/wp-content\/uploads\/2025\/02\/factory-3.webp)!important;\n    padding: 20% 10%;\n    background-position: center;\nbackground-size:cover;\n    text-align: center;\n}\n.ab-body{\npadding:35px 0 0\n}\n.ab-des h2{\ntext-align:center;\ncolor:#fff;\nfont-size:32px;\n    margin-bottom: 30px;\n\n}\n\n\n\n\n.ab-body2{\n   \n\n}\n.icon-body ul{\ndisplay:flex;\njustify-content:space-between\n}\n.icon-body ul li{\ntext-align:center;\nbackground:#fff;\npadding: 20px;\nwidth:49%;\n margin-bottom: 2%;\n\n}\n\n.icon-body{\n background-color: rgba(0,0,0, 0.05);\n    padding: 50px 30px 30px;\n}\n\n\n.tt-list{\ndisplay:flex;\nalign-items:center;\nmargin-bottom:20px\n\n}\n.ab-body3 ul li{\nmargin-bottom:25px\n\n}\n.tt-list img{\nmargin-right:10px\n}\n..ab-img{\n background-image: linear-gradient(180deg,rgba(0,0,0,0.5) 0%,rgba(0,0,0,0.5) 100%),url(\/wp-content\/uploads\/2025\/02\/factory-3.webp)!important;\n    padding: 20% 10%;\n    background-position: center;\nbackground-size:cover;\n    text-align: center;\n}\n.ab-body{\npadding:35px 0 0\n}\n.ab-des h2{\ntext-align:center;\ncolor:#fff;\nfont-size:32px;\n    margin-bottom: 30px;\n\n}\n\n\n.ab-body2{\n   \n\n}\n.icon-body ul{\ndisplay:flex;\njustify-content:space-between\n}\n\n\n.icon-body{\n background-color: rgba(0,0,0, 0.05);\n    padding: 50px 30px 30px;\n}\n.icon-body li p span{\n\nfont-size:15px!important\n}\n.icon-body li p {\ntext-align:left;\n\n}\n\n.tt-list{\ndisplay:flex;\nalign-items:center;\nmargin-bottom:20px\n\n}\n.ab-body3 ul li{\nmargin-bottom:25px\n\n}\n.tt-list img{\nmargin-right:10px\n}\n\n.ab-body4{\npadding-bottom:45px\n}\n@media screen and (max-width:981px){\n\n.icon-body ul{\nflex-flow:row wrap\n}\n.icon-body ul li{\nwidth:100%}\n\n}\n\n.companyImg{\ndisplay:inherit!important\n}\n.ab-body2 .companyImg li img{\nwidth:100%!important;\n}\n.ab-body2 .companyImg li{\nwidth:100%!important;\npadding:0!important;\nmargin-bottom:20px\n\n}\n\n.countryList li{\nline-height:2em\n\n}\n\n\n<\/style>\n\n\n\n<style>\n@media screen and (max-width:781px){\n body article .af .wp-block-column{\nflex-basis:45%!important;\nwidth:45%!important\n\n}\n#outerContainer_1703183975021{\nheight:20vw!important\n}\n}\n\n<\/style>","protected":false},"excerpt":{"rendered":"<p>Home Privacy Policy Privacy Policy This Privacy Policy explains how &#8220;we&#8221; collect, use, share and process your information as well as the rights and choices you have associated with that information. This privacy policy applies to all personal information collected during any written, electronic and oral communication, or personal information collected online or offline, including: [&hellip;]<\/p>","protected":false},"author":1,"featured_media":0,"parent":0,"menu_order":0,"comment_status":"closed","ping_status":"closed","template":"","meta":{"footnotes":""},"class_list":["post-3762","page","type-page","status-publish","hentry"],"yoast_head":"<!-- This site is optimized with the Yoast SEO plugin v24.4 - https:\/\/yoast.com\/wordpress\/plugins\/seo\/ -->\n<title>Privacy Policy - RECTE HYDRAULIC<\/title>\n<meta name=\"description\" content=\"Recte Hydraulic specializes in manufacturing durable hydraulic cylinders, systems, and components for industrial applications. Get custom solutions, reliable performance, and global exports.\" \/>\n<meta name=\"robots\" content=\"index, follow, max-snippet:-1, max-image-preview:large, max-video-preview:-1\" \/>\n<link rel=\"canonical\" href=\"https:\/\/www.rectehydraulic.com\/pt\/privacy-policy\/\" \/>\n<meta property=\"og:locale\" content=\"pt_PT\" \/>\n<meta property=\"og:type\" content=\"article\" \/>\n<meta property=\"og:title\" content=\"Privacy Policy - RECTE HYDRAULIC\" \/>\n<meta property=\"og:description\" content=\"Recte Hydraulic specializes in manufacturing durable hydraulic cylinders, systems, and components for industrial applications. Get custom solutions, reliable performance, and global exports.\" \/>\n<meta property=\"og:url\" content=\"https:\/\/www.rectehydraulic.com\/pt\/privacy-policy\/\" \/>\n<meta property=\"og:site_name\" content=\"RECTE HYDRAULIC\" \/>\n<meta property=\"article:publisher\" content=\"https:\/\/www.facebook.com\/rectehydraulic\/\" \/>\n<meta property=\"article:modified_time\" content=\"2025-06-18T09:49:49+00:00\" \/>\n<meta name=\"twitter:card\" content=\"summary_large_image\" \/>\n<meta name=\"twitter:label1\" content=\"Est. reading time\" \/>\n\t<meta name=\"twitter:data1\" content=\"5 minutos\" \/>\n<script type=\"application\/ld+json\" class=\"yoast-schema-graph\">{\"@context\":\"https:\/\/schema.org\",\"@graph\":[{\"@type\":\"WebPage\",\"@id\":\"https:\/\/www.rectehydraulic.com\/privacy-policy\/\",\"url\":\"https:\/\/www.rectehydraulic.com\/privacy-policy\/\",\"name\":\"Privacy Policy - RECTE HYDRAULIC\",\"isPartOf\":{\"@id\":\"https:\/\/www.rectehydraulic.com\/#website\"},\"datePublished\":\"2025-06-18T09:38:12+00:00\",\"dateModified\":\"2025-06-18T09:49:49+00:00\",\"description\":\"Recte Hydraulic specializes in manufacturing durable hydraulic cylinders, systems, and components for industrial applications. Get custom solutions, reliable performance, and global exports.\",\"breadcrumb\":{\"@id\":\"https:\/\/www.rectehydraulic.com\/privacy-policy\/#breadcrumb\"},\"inLanguage\":\"pt-PT\",\"potentialAction\":[{\"@type\":\"ReadAction\",\"target\":[\"https:\/\/www.rectehydraulic.com\/privacy-policy\/\"]}]},{\"@type\":\"BreadcrumbList\",\"@id\":\"https:\/\/www.rectehydraulic.com\/privacy-policy\/#breadcrumb\",\"itemListElement\":[{\"@type\":\"ListItem\",\"position\":1,\"name\":\"Home\",\"item\":\"https:\/\/www.rectehydraulic.com\/\"},{\"@type\":\"ListItem\",\"position\":2,\"name\":\"Privacy Policy\"}]},{\"@type\":\"WebSite\",\"@id\":\"https:\/\/www.rectehydraulic.com\/#website\",\"url\":\"https:\/\/www.rectehydraulic.com\/\",\"name\":\"RECTE HYDRAULIC\",\"description\":\"RECTE HYDRAULIC\",\"publisher\":{\"@id\":\"https:\/\/www.rectehydraulic.com\/#organization\"},\"potentialAction\":[{\"@type\":\"SearchAction\",\"target\":{\"@type\":\"EntryPoint\",\"urlTemplate\":\"https:\/\/www.rectehydraulic.com\/?s={search_term_string}\"},\"query-input\":{\"@type\":\"PropertyValueSpecification\",\"valueRequired\":true,\"valueName\":\"search_term_string\"}}],\"inLanguage\":\"pt-PT\"},{\"@type\":\"Organization\",\"@id\":\"https:\/\/www.rectehydraulic.com\/#organization\",\"name\":\"HEBEI RECTE HYDRAULIC CO.,LTD\",\"url\":\"https:\/\/www.rectehydraulic.com\/\",\"logo\":{\"@type\":\"ImageObject\",\"inLanguage\":\"pt-PT\",\"@id\":\"https:\/\/www.rectehydraulic.com\/#\/schema\/logo\/image\/\",\"url\":\"https:\/\/www.rectehydraulic.com\/wp-content\/uploads\/2025\/06\/cropped-RECTE-Complete-Hydraulic-Accessory-System-Supplier.webp\",\"contentUrl\":\"https:\/\/www.rectehydraulic.com\/wp-content\/uploads\/2025\/06\/cropped-RECTE-Complete-Hydraulic-Accessory-System-Supplier.webp\",\"width\":500,\"height\":129,\"caption\":\"HEBEI RECTE HYDRAULIC CO.,LTD\"},\"image\":{\"@id\":\"https:\/\/www.rectehydraulic.com\/#\/schema\/logo\/image\/\"},\"sameAs\":[\"https:\/\/www.facebook.com\/rectehydraulic\/\",\"https:\/\/www.linkedin.com\/in\/chinahydraulicmotors\/\",\"http:\/\/instagram.com\/rectehydraulic\",\"https:\/\/www.youtube.com\/@rectehydraulic\"]}]}<\/script>\n<!-- \/ Yoast SEO plugin. -->","yoast_head_json":{"title":"Privacy Policy - RECTE HYDRAULIC","description":"Recte Hydraulic specializes in manufacturing durable hydraulic cylinders, systems, and components for industrial applications. Get custom solutions, reliable performance, and global exports.","robots":{"index":"index","follow":"follow","max-snippet":"max-snippet:-1","max-image-preview":"max-image-preview:large","max-video-preview":"max-video-preview:-1"},"canonical":"https:\/\/www.rectehydraulic.com\/pt\/privacy-policy\/","og_locale":"pt_PT","og_type":"article","og_title":"Privacy Policy - RECTE HYDRAULIC","og_description":"Recte Hydraulic specializes in manufacturing durable hydraulic cylinders, systems, and components for industrial applications. Get custom solutions, reliable performance, and global exports.","og_url":"https:\/\/www.rectehydraulic.com\/pt\/privacy-policy\/","og_site_name":"RECTE HYDRAULIC","article_publisher":"https:\/\/www.facebook.com\/rectehydraulic\/","article_modified_time":"2025-06-18T09:49:49+00:00","twitter_card":"summary_large_image","twitter_misc":{"Est. reading time":"5 minutos"},"schema":{"@context":"https:\/\/schema.org","@graph":[{"@type":"WebPage","@id":"https:\/\/www.rectehydraulic.com\/privacy-policy\/","url":"https:\/\/www.rectehydraulic.com\/privacy-policy\/","name":"Privacy Policy - RECTE HYDRAULIC","isPartOf":{"@id":"https:\/\/www.rectehydraulic.com\/#website"},"datePublished":"2025-06-18T09:38:12+00:00","dateModified":"2025-06-18T09:49:49+00:00","description":"Recte Hydraulic specializes in manufacturing durable hydraulic cylinders, systems, and components for industrial applications. Get custom solutions, reliable performance, and global exports.","breadcrumb":{"@id":"https:\/\/www.rectehydraulic.com\/privacy-policy\/#breadcrumb"},"inLanguage":"pt-PT","potentialAction":[{"@type":"ReadAction","target":["https:\/\/www.rectehydraulic.com\/privacy-policy\/"]}]},{"@type":"BreadcrumbList","@id":"https:\/\/www.rectehydraulic.com\/privacy-policy\/#breadcrumb","itemListElement":[{"@type":"ListItem","position":1,"name":"Home","item":"https:\/\/www.rectehydraulic.com\/"},{"@type":"ListItem","position":2,"name":"Privacy Policy"}]},{"@type":"WebSite","@id":"https:\/\/www.rectehydraulic.com\/#website","url":"https:\/\/www.rectehydraulic.com\/","name":"RECTE HYDRAULIC","description":"RECTE HYDRAULIC","publisher":{"@id":"https:\/\/www.rectehydraulic.com\/#organization"},"potentialAction":[{"@type":"SearchAction","target":{"@type":"EntryPoint","urlTemplate":"https:\/\/www.rectehydraulic.com\/?s={search_term_string}"},"query-input":{"@type":"PropertyValueSpecification","valueRequired":true,"valueName":"search_term_string"}}],"inLanguage":"pt-PT"},{"@type":"Organization","@id":"https:\/\/www.rectehydraulic.com\/#organization","name":"HEBEI RECTE HYDRAULIC CO.,LTD","url":"https:\/\/www.rectehydraulic.com\/","logo":{"@type":"ImageObject","inLanguage":"pt-PT","@id":"https:\/\/www.rectehydraulic.com\/#\/schema\/logo\/image\/","url":"https:\/\/www.rectehydraulic.com\/wp-content\/uploads\/2025\/06\/cropped-RECTE-Complete-Hydraulic-Accessory-System-Supplier.webp","contentUrl":"https:\/\/www.rectehydraulic.com\/wp-content\/uploads\/2025\/06\/cropped-RECTE-Complete-Hydraulic-Accessory-System-Supplier.webp","width":500,"height":129,"caption":"HEBEI RECTE HYDRAULIC CO.,LTD"},"image":{"@id":"https:\/\/www.rectehydraulic.com\/#\/schema\/logo\/image\/"},"sameAs":["https:\/\/www.facebook.com\/rectehydraulic\/","https:\/\/www.linkedin.com\/in\/chinahydraulicmotors\/","http:\/\/instagram.com\/rectehydraulic","https:\/\/www.youtube.com\/@rectehydraulic"]}]}},"_links":{"self":[{"href":"https:\/\/www.rectehydraulic.com\/pt\/wp-json\/wp\/v2\/pages\/3762","targetHints":{"allow":["GET"]}}],"collection":[{"href":"https:\/\/www.rectehydraulic.com\/pt\/wp-json\/wp\/v2\/pages"}],"about":[{"href":"https:\/\/www.rectehydraulic.com\/pt\/wp-json\/wp\/v2\/types\/page"}],"author":[{"embeddable":true,"href":"https:\/\/www.rectehydraulic.com\/pt\/wp-json\/wp\/v2\/users\/1"}],"replies":[{"embeddable":true,"href":"https:\/\/www.rectehydraulic.com\/pt\/wp-json\/wp\/v2\/comments?post=3762"}],"version-history":[{"count":19,"href":"https:\/\/www.rectehydraulic.com\/pt\/wp-json\/wp\/v2\/pages\/3762\/revisions"}],"predecessor-version":[{"id":3788,"href":"https:\/\/www.rectehydraulic.com\/pt\/wp-json\/wp\/v2\/pages\/3762\/revisions\/3788"}],"wp:attachment":[{"href":"https:\/\/www.rectehydraulic.com\/pt\/wp-json\/wp\/v2\/media?parent=3762"}],"curies":[{"name":"wp","href":"https:\/\/api.w.org\/{rel}","templated":true}]}}