{"id":976,"date":"2025-03-12T02:18:08","date_gmt":"2025-03-12T02:18:08","guid":{"rendered":"https:\/\/www.tlheatpress.com:8182\/?page_id=976"},"modified":"2025-09-22T03:27:58","modified_gmt":"2025-09-22T03:27:58","slug":"our-exhibition","status":"publish","type":"page","link":"https:\/\/www.rectehydraulic.com\/pt\/our-exhibition\/","title":{"rendered":"A nossa exposi\u00e7\u00e3o"},"content":{"rendered":"<div class=\"path_bar\">\n        <div class=\"layout\" style=\"margin:0 auto\">\n            <ul>\n                <li><a href=\"\/\">In\u00edcio<\/a><\/li>\n                <!--\u9762\u5305\u5c51-->\n               <li><a href=\"\">A nossa exposi\u00e7\u00e3o<\/a><\/li>\n            <\/ul>\n        <\/div>\n    <\/div>\n\n\n\n<h1 class=\"wp-block-heading has-text-align-center sh h20\" style=\"font-size:30px\"><strong>Explore os motores e bombas hidr\u00e1ulicas RECTE nas nossas exposi\u00e7\u00f5es<\/strong><\/h1>\n\n\n\n<p class=\"has-text-align-center layout bt p1\">Na RECTE Hydraulics, apresentamos os nossos produtos de alta qualidade <a href=\"https:\/\/www.rectehydraulic.com\/\">motor hidr\u00e1ulico por atacado<\/a>&nbsp;e <a href=\"https:\/\/www.rectehydraulic.com\/products\/\">motor de bomba hidr\u00e1ulica<\/a>&nbsp;solu\u00e7\u00f5es em exposi\u00e7\u00f5es globais. A nossa participa\u00e7\u00e3o permite aos clientes experimentar as nossas \u00faltimas inova\u00e7\u00f5es e discutir solu\u00e7\u00f5es personalizadas diretamente com a nossa equipa t\u00e9cnica.<\/p>\n\n\n\n<div class=\"wp-block-columns layout bt is-layout-flex wp-container-core-columns-is-layout-1 wp-block-columns-is-layout-flex\">\n<div class=\"wp-block-column is-layout-flow wp-block-column-is-layout-flow\">\n<figure class=\"wp-block-image size-full\"><img loading=\"lazy\" decoding=\"async\" width=\"800\" height=\"700\" src=\"https:\/\/www.rectehydraulic.com\/wp-content\/uploads\/2025\/06\/ex2.webp\" alt=\"RECTE 2023 Exposi\u00e7\u00e3o PTC de Xangai\" class=\"wp-image-4125\" srcset=\"https:\/\/www.rectehydraulic.com\/wp-content\/uploads\/2025\/06\/ex2.webp 800w, https:\/\/www.rectehydraulic.com\/wp-content\/uploads\/2025\/06\/ex2-300x263.webp 300w, https:\/\/www.rectehydraulic.com\/wp-content\/uploads\/2025\/06\/ex2-768x672.webp 768w, https:\/\/www.rectehydraulic.com\/wp-content\/uploads\/2025\/06\/ex2-14x12.webp 14w\" sizes=\"auto, (max-width: 800px) 100vw, 800px\" \/><\/figure>\n\n\n\n<h2 class=\"wp-block-heading has-text-align-center t10\" style=\"font-size:16px\">2023 Exposi\u00e7\u00e3o PTC de Xangai<\/h2>\n<\/div>\n\n\n\n<div class=\"wp-block-column is-layout-flow wp-block-column-is-layout-flow\">\n<figure class=\"wp-block-image size-full\"><img loading=\"lazy\" decoding=\"async\" width=\"800\" height=\"700\" src=\"https:\/\/www.rectehydraulic.com\/wp-content\/uploads\/2025\/06\/ex1.webp\" alt=\"RECTE 2023 Exposi\u00e7\u00e3o PTC de Xangai\" class=\"wp-image-4127\" srcset=\"https:\/\/www.rectehydraulic.com\/wp-content\/uploads\/2025\/06\/ex1.webp 800w, https:\/\/www.rectehydraulic.com\/wp-content\/uploads\/2025\/06\/ex1-300x263.webp 300w, https:\/\/www.rectehydraulic.com\/wp-content\/uploads\/2025\/06\/ex1-768x672.webp 768w, https:\/\/www.rectehydraulic.com\/wp-content\/uploads\/2025\/06\/ex1-14x12.webp 14w\" sizes=\"auto, (max-width: 800px) 100vw, 800px\" \/><\/figure>\n\n\n\n<h2 class=\"wp-block-heading has-text-align-center t10\" style=\"font-size:16px\">2023 Exposi\u00e7\u00e3o PTC de Xangai<\/h2>\n<\/div>\n\n\n\n<div class=\"wp-block-column is-layout-flow wp-block-column-is-layout-flow\">\n<figure class=\"wp-block-image size-full\"><img loading=\"lazy\" decoding=\"async\" width=\"800\" height=\"700\" src=\"https:\/\/www.rectehydraulic.com\/wp-content\/uploads\/2025\/06\/ex4.webp\" alt=\"RECTE 2023 Exposi\u00e7\u00e3o de Maquinaria de Constru\u00e7\u00e3o de Changsha\" class=\"wp-image-4122\" srcset=\"https:\/\/www.rectehydraulic.com\/wp-content\/uploads\/2025\/06\/ex4.webp 800w, https:\/\/www.rectehydraulic.com\/wp-content\/uploads\/2025\/06\/ex4-300x263.webp 300w, https:\/\/www.rectehydraulic.com\/wp-content\/uploads\/2025\/06\/ex4-768x672.webp 768w, https:\/\/www.rectehydraulic.com\/wp-content\/uploads\/2025\/06\/ex4-14x12.webp 14w\" sizes=\"auto, (max-width: 800px) 100vw, 800px\" \/><\/figure>\n\n\n\n<h2 class=\"wp-block-heading has-text-align-center t10\" style=\"font-size:16px\">Exposi\u00e7\u00e3o de Maquinaria de Constru\u00e7\u00e3o de Changsha 2023<\/h2>\n<\/div>\n<\/div>\n\n\n\n<div class=\"wp-block-columns layout bt bt0 is-layout-flex wp-container-core-columns-is-layout-2 wp-block-columns-is-layout-flex\">\n<div class=\"wp-block-column is-layout-flow wp-block-column-is-layout-flow\">\n<figure class=\"wp-block-image size-full\"><img loading=\"lazy\" decoding=\"async\" width=\"800\" height=\"700\" src=\"https:\/\/www.rectehydraulic.com\/wp-content\/uploads\/2025\/06\/ex5.webp\" alt=\"RECTE 2023 Exposi\u00e7\u00e3o de Maquinaria de Constru\u00e7\u00e3o de Changsha\" class=\"wp-image-4121\" srcset=\"https:\/\/www.rectehydraulic.com\/wp-content\/uploads\/2025\/06\/ex5.webp 800w, https:\/\/www.rectehydraulic.com\/wp-content\/uploads\/2025\/06\/ex5-300x263.webp 300w, https:\/\/www.rectehydraulic.com\/wp-content\/uploads\/2025\/06\/ex5-768x672.webp 768w, https:\/\/www.rectehydraulic.com\/wp-content\/uploads\/2025\/06\/ex5-14x12.webp 14w\" sizes=\"auto, (max-width: 800px) 100vw, 800px\" \/><\/figure>\n\n\n\n<h2 class=\"wp-block-heading has-text-align-center t10\" style=\"font-size:16px\">Exposi\u00e7\u00e3o de Maquinaria de Constru\u00e7\u00e3o de Changsha 2023<\/h2>\n<\/div>\n\n\n\n<div class=\"wp-block-column is-layout-flow wp-block-column-is-layout-flow\">\n<figure class=\"wp-block-image size-full\"><img loading=\"lazy\" decoding=\"async\" width=\"800\" height=\"700\" src=\"https:\/\/www.rectehydraulic.com\/wp-content\/uploads\/2025\/06\/ex8.webp\" alt=\"Exposi\u00e7\u00e3o RECTE 2024 Shanghai PTC\" class=\"wp-image-4128\" srcset=\"https:\/\/www.rectehydraulic.com\/wp-content\/uploads\/2025\/06\/ex8.webp 800w, https:\/\/www.rectehydraulic.com\/wp-content\/uploads\/2025\/06\/ex8-300x263.webp 300w, https:\/\/www.rectehydraulic.com\/wp-content\/uploads\/2025\/06\/ex8-768x672.webp 768w, https:\/\/www.rectehydraulic.com\/wp-content\/uploads\/2025\/06\/ex8-14x12.webp 14w\" sizes=\"auto, (max-width: 800px) 100vw, 800px\" \/><\/figure>\n\n\n\n<h2 class=\"wp-block-heading has-text-align-center t10\" style=\"font-size:16px\">2024 Exposi\u00e7\u00e3o PTC de Xangai<\/h2>\n<\/div>\n\n\n\n<div class=\"wp-block-column is-layout-flow wp-block-column-is-layout-flow\">\n<figure class=\"wp-block-image size-full\"><img loading=\"lazy\" decoding=\"async\" width=\"800\" height=\"700\" src=\"https:\/\/www.rectehydraulic.com\/wp-content\/uploads\/2025\/06\/ex9.webp\" alt=\"Exposi\u00e7\u00e3o RECTE 2024 Shanghai PTC\" class=\"wp-image-4126\" srcset=\"https:\/\/www.rectehydraulic.com\/wp-content\/uploads\/2025\/06\/ex9.webp 800w, https:\/\/www.rectehydraulic.com\/wp-content\/uploads\/2025\/06\/ex9-300x263.webp 300w, https:\/\/www.rectehydraulic.com\/wp-content\/uploads\/2025\/06\/ex9-768x672.webp 768w, https:\/\/www.rectehydraulic.com\/wp-content\/uploads\/2025\/06\/ex9-14x12.webp 14w\" sizes=\"auto, (max-width: 800px) 100vw, 800px\" \/><\/figure>\n\n\n\n<h2 class=\"wp-block-heading has-text-align-center t10\" style=\"font-size:16px\">2024 Exposi\u00e7\u00e3o PTC de Xangai<\/h2>\n<\/div>\n<\/div>\n\n\n\n<div class=\"layout sh t0\">\n\n    <div class=\"header_inquiry\"\n         style=\"display: flex; align-items: center; justify-content: center; height: 64vh; background-color: #f1f4f6; width: 100%;\">\n        <div id=\"header_inquiry-form\"\n             style=\"border:1px solid #bfbfbf; padding: 2em; padding-top:2.625em;width: 84%; background-color: #fff;\">\n            <div style=\"background-color: #013e5a; color: #fff; padding: 1em; border-radius: 5px; margin-bottom: 2em; text-align: center;\">\n                <h2 style=\"margin: 0; color: #fff;\">Deixe a sua mensagem<\/h2>\n            <\/div>\n            <form id=\"header_inquiry-form-content\" action=\"#\" method=\"post\" style=\"color: #666;\" data-trp-original-action=\"#\">\n                <input type=\"text\" name=\"title\" id=\"name\" placeholder=\"*Nome...\" required\n style=\"width: 100%; padding: 1em; margin-bottom: 1em; box-sizing: border-box;\">\n                <input type=\"email\" name=\"email\" id=\"email\"\n                       placeholder=\"*E-mail (Responderemos por e-mail em 24 horas)\" required\n style=\"width: 100%; padding: 1em; margin-bottom: 1em; box-sizing: border-box;\">\n                <input type=\"text\" name=\"telephone\" id=\"phone\" placeholder=\"*Telefone\/WhatsApp\/WeChat (muito importante)\"\n                       required style=\"width: 100%; padding: 1em; margin-bottom: 1em; box-sizing: border-box;\">\n                <textarea name=\"message\" id=\"details\" rows=\"4\"\n                          placeholder=\"Introduza os detalhes do cabe\u00e7alho, como o tamanho, a cor, os materiais, etc., e outros requisitos espec\u00edficos para receber um or\u00e7amento exato.\"\n                          style=\"width: 100%; padding: 1em; margin-bottom: 1em; box-sizing: border-box;\"><\/textarea>\n                <button id=\"send_form\" type=\"submit\"\n                        style=\"background-color: #f28808; color: #fff; padding: 1em 1.5em; border: none; border-radius: 3px; cursor: pointer; width: 100%;\">\n                    Enviar\n                <\/button>\n            <input type=\"hidden\" name=\"trp-form-language\" value=\"pt\"\/><\/form>\n        <\/div>\n    <\/div>\n    \n\n<\/div>\n\n\n\n<style>\n\n.sh{\nmargin:30px auto 40px\n}\n\n.bt{\nmargin-bottom:30px\n\n}\n.t10{\nmargin-top:10px\n\n}\n<\/style>\n\n\n\n<style>\n@media screen and (max-width:981px){\n\n.h20{\nfont-size:20px!important\n}\n.bt0{\nmargin-bottom:0!important\n}\n.t0{\nmargin-top:0!important\n}\n}\n<\/style>\n\n\n\n<p><\/p>","protected":false},"excerpt":{"rendered":"<p>Home Our Exhibition Explore RECTE Hydraulic Motors &amp; Pumps at Our Exhibitions At RECTE Hydraulics, we showcase our high-quality wholesale hydraulic motor&nbsp;and hydraulic pump motor&nbsp;solutions at global exhibitions. Our participation allows customers to experience our latest innovations and discuss customized solutions directly with our technical team. 2023 Shanghai PTC Exhibition 2023 Shanghai PTC Exhibition 2023 [&hellip;]<\/p>","protected":false},"author":1,"featured_media":4128,"parent":0,"menu_order":0,"comment_status":"closed","ping_status":"closed","template":"","meta":{"footnotes":""},"class_list":["post-976","page","type-page","status-publish","has-post-thumbnail","hentry"],"yoast_head":"<!-- This site is optimized with the Yoast SEO plugin v24.4 - https:\/\/yoast.com\/wordpress\/plugins\/seo\/ -->\n<title>Hydraulic Industry Exhibition - RECTE Hydraulic<\/title>\n<meta name=\"description\" content=\"Discover RECTE Hydraulic&#039;s participation in major industry exhibitions, including the 2023 and 2024 Shanghai PTC and Changsha Construction Machinery Exhibitions.\" \/>\n<meta name=\"robots\" content=\"index, follow, max-snippet:-1, max-image-preview:large, max-video-preview:-1\" \/>\n<link rel=\"canonical\" href=\"https:\/\/www.rectehydraulic.com\/pt\/our-exhibition\/\" \/>\n<meta property=\"og:locale\" content=\"pt_PT\" \/>\n<meta property=\"og:type\" content=\"article\" \/>\n<meta property=\"og:title\" content=\"Hydraulic Industry Exhibition - RECTE Hydraulic\" \/>\n<meta property=\"og:description\" content=\"Discover RECTE Hydraulic&#039;s participation in major industry exhibitions, including the 2023 and 2024 Shanghai PTC and Changsha Construction Machinery Exhibitions.\" \/>\n<meta property=\"og:url\" content=\"https:\/\/www.rectehydraulic.com\/pt\/our-exhibition\/\" \/>\n<meta property=\"og:site_name\" content=\"RECTE HYDRAULIC\" \/>\n<meta property=\"article:publisher\" content=\"https:\/\/www.facebook.com\/rectehydraulic\/\" \/>\n<meta property=\"article:modified_time\" content=\"2025-09-22T03:27:58+00:00\" \/>\n<meta property=\"og:image\" content=\"https:\/\/www.rectehydraulic.com\/wp-content\/uploads\/2025\/06\/ex8.webp\" \/>\n\t<meta property=\"og:image:width\" content=\"800\" \/>\n\t<meta property=\"og:image:height\" content=\"700\" \/>\n\t<meta property=\"og:image:type\" content=\"image\/webp\" \/>\n<meta name=\"twitter:card\" content=\"summary_large_image\" \/>\n<meta name=\"twitter:label1\" content=\"Est. reading time\" \/>\n\t<meta name=\"twitter:data1\" content=\"2 minutos\" \/>\n<script type=\"application\/ld+json\" class=\"yoast-schema-graph\">{\"@context\":\"https:\/\/schema.org\",\"@graph\":[{\"@type\":\"WebPage\",\"@id\":\"https:\/\/www.rectehydraulic.com\/our-exhibition\/\",\"url\":\"https:\/\/www.rectehydraulic.com\/our-exhibition\/\",\"name\":\"Hydraulic Industry Exhibition - RECTE Hydraulic\",\"isPartOf\":{\"@id\":\"https:\/\/www.rectehydraulic.com\/#website\"},\"primaryImageOfPage\":{\"@id\":\"https:\/\/www.rectehydraulic.com\/our-exhibition\/#primaryimage\"},\"image\":{\"@id\":\"https:\/\/www.rectehydraulic.com\/our-exhibition\/#primaryimage\"},\"thumbnailUrl\":\"https:\/\/www.rectehydraulic.com\/wp-content\/uploads\/2025\/06\/ex8.webp\",\"datePublished\":\"2025-03-12T02:18:08+00:00\",\"dateModified\":\"2025-09-22T03:27:58+00:00\",\"description\":\"Discover RECTE Hydraulic's participation in major industry exhibitions, including the 2023 and 2024 Shanghai PTC and Changsha Construction Machinery Exhibitions.\",\"breadcrumb\":{\"@id\":\"https:\/\/www.rectehydraulic.com\/our-exhibition\/#breadcrumb\"},\"inLanguage\":\"pt-PT\",\"potentialAction\":[{\"@type\":\"ReadAction\",\"target\":[\"https:\/\/www.rectehydraulic.com\/our-exhibition\/\"]}]},{\"@type\":\"ImageObject\",\"inLanguage\":\"pt-PT\",\"@id\":\"https:\/\/www.rectehydraulic.com\/our-exhibition\/#primaryimage\",\"url\":\"https:\/\/www.rectehydraulic.com\/wp-content\/uploads\/2025\/06\/ex8.webp\",\"contentUrl\":\"https:\/\/www.rectehydraulic.com\/wp-content\/uploads\/2025\/06\/ex8.webp\",\"width\":800,\"height\":700},{\"@type\":\"BreadcrumbList\",\"@id\":\"https:\/\/www.rectehydraulic.com\/our-exhibition\/#breadcrumb\",\"itemListElement\":[{\"@type\":\"ListItem\",\"position\":1,\"name\":\"Home\",\"item\":\"https:\/\/www.rectehydraulic.com\/\"},{\"@type\":\"ListItem\",\"position\":2,\"name\":\"Our Exhibition\"}]},{\"@type\":\"WebSite\",\"@id\":\"https:\/\/www.rectehydraulic.com\/#website\",\"url\":\"https:\/\/www.rectehydraulic.com\/\",\"name\":\"RECTE HYDRAULIC\",\"description\":\"RECTE HYDRAULIC\",\"publisher\":{\"@id\":\"https:\/\/www.rectehydraulic.com\/#organization\"},\"potentialAction\":[{\"@type\":\"SearchAction\",\"target\":{\"@type\":\"EntryPoint\",\"urlTemplate\":\"https:\/\/www.rectehydraulic.com\/?s={search_term_string}\"},\"query-input\":{\"@type\":\"PropertyValueSpecification\",\"valueRequired\":true,\"valueName\":\"search_term_string\"}}],\"inLanguage\":\"pt-PT\"},{\"@type\":\"Organization\",\"@id\":\"https:\/\/www.rectehydraulic.com\/#organization\",\"name\":\"HEBEI RECTE HYDRAULIC CO.,LTD\",\"url\":\"https:\/\/www.rectehydraulic.com\/\",\"logo\":{\"@type\":\"ImageObject\",\"inLanguage\":\"pt-PT\",\"@id\":\"https:\/\/www.rectehydraulic.com\/#\/schema\/logo\/image\/\",\"url\":\"https:\/\/www.rectehydraulic.com\/wp-content\/uploads\/2025\/06\/cropped-RECTE-Complete-Hydraulic-Accessory-System-Supplier.webp\",\"contentUrl\":\"https:\/\/www.rectehydraulic.com\/wp-content\/uploads\/2025\/06\/cropped-RECTE-Complete-Hydraulic-Accessory-System-Supplier.webp\",\"width\":500,\"height\":129,\"caption\":\"HEBEI RECTE HYDRAULIC CO.,LTD\"},\"image\":{\"@id\":\"https:\/\/www.rectehydraulic.com\/#\/schema\/logo\/image\/\"},\"sameAs\":[\"https:\/\/www.facebook.com\/rectehydraulic\/\",\"https:\/\/www.linkedin.com\/in\/chinahydraulicmotors\/\",\"http:\/\/instagram.com\/rectehydraulic\",\"https:\/\/www.youtube.com\/@rectehydraulic\"]}]}<\/script>\n<!-- \/ Yoast SEO plugin. -->","yoast_head_json":{"title":"Hydraulic Industry Exhibition - RECTE Hydraulic","description":"Discover RECTE Hydraulic's participation in major industry exhibitions, including the 2023 and 2024 Shanghai PTC and Changsha Construction Machinery Exhibitions.","robots":{"index":"index","follow":"follow","max-snippet":"max-snippet:-1","max-image-preview":"max-image-preview:large","max-video-preview":"max-video-preview:-1"},"canonical":"https:\/\/www.rectehydraulic.com\/pt\/our-exhibition\/","og_locale":"pt_PT","og_type":"article","og_title":"Hydraulic Industry Exhibition - RECTE Hydraulic","og_description":"Discover RECTE Hydraulic's participation in major industry exhibitions, including the 2023 and 2024 Shanghai PTC and Changsha Construction Machinery Exhibitions.","og_url":"https:\/\/www.rectehydraulic.com\/pt\/our-exhibition\/","og_site_name":"RECTE HYDRAULIC","article_publisher":"https:\/\/www.facebook.com\/rectehydraulic\/","article_modified_time":"2025-09-22T03:27:58+00:00","og_image":[{"width":800,"height":700,"url":"https:\/\/www.rectehydraulic.com\/wp-content\/uploads\/2025\/06\/ex8.webp","type":"image\/webp"}],"twitter_card":"summary_large_image","twitter_misc":{"Est. reading time":"2 minutos"},"schema":{"@context":"https:\/\/schema.org","@graph":[{"@type":"WebPage","@id":"https:\/\/www.rectehydraulic.com\/our-exhibition\/","url":"https:\/\/www.rectehydraulic.com\/our-exhibition\/","name":"Hydraulic Industry Exhibition - RECTE Hydraulic","isPartOf":{"@id":"https:\/\/www.rectehydraulic.com\/#website"},"primaryImageOfPage":{"@id":"https:\/\/www.rectehydraulic.com\/our-exhibition\/#primaryimage"},"image":{"@id":"https:\/\/www.rectehydraulic.com\/our-exhibition\/#primaryimage"},"thumbnailUrl":"https:\/\/www.rectehydraulic.com\/wp-content\/uploads\/2025\/06\/ex8.webp","datePublished":"2025-03-12T02:18:08+00:00","dateModified":"2025-09-22T03:27:58+00:00","description":"Discover RECTE Hydraulic's participation in major industry exhibitions, including the 2023 and 2024 Shanghai PTC and Changsha Construction Machinery Exhibitions.","breadcrumb":{"@id":"https:\/\/www.rectehydraulic.com\/our-exhibition\/#breadcrumb"},"inLanguage":"pt-PT","potentialAction":[{"@type":"ReadAction","target":["https:\/\/www.rectehydraulic.com\/our-exhibition\/"]}]},{"@type":"ImageObject","inLanguage":"pt-PT","@id":"https:\/\/www.rectehydraulic.com\/our-exhibition\/#primaryimage","url":"https:\/\/www.rectehydraulic.com\/wp-content\/uploads\/2025\/06\/ex8.webp","contentUrl":"https:\/\/www.rectehydraulic.com\/wp-content\/uploads\/2025\/06\/ex8.webp","width":800,"height":700},{"@type":"BreadcrumbList","@id":"https:\/\/www.rectehydraulic.com\/our-exhibition\/#breadcrumb","itemListElement":[{"@type":"ListItem","position":1,"name":"Home","item":"https:\/\/www.rectehydraulic.com\/"},{"@type":"ListItem","position":2,"name":"Our Exhibition"}]},{"@type":"WebSite","@id":"https:\/\/www.rectehydraulic.com\/#website","url":"https:\/\/www.rectehydraulic.com\/","name":"RECTE HYDRAULIC","description":"RECTE HYDRAULIC","publisher":{"@id":"https:\/\/www.rectehydraulic.com\/#organization"},"potentialAction":[{"@type":"SearchAction","target":{"@type":"EntryPoint","urlTemplate":"https:\/\/www.rectehydraulic.com\/?s={search_term_string}"},"query-input":{"@type":"PropertyValueSpecification","valueRequired":true,"valueName":"search_term_string"}}],"inLanguage":"pt-PT"},{"@type":"Organization","@id":"https:\/\/www.rectehydraulic.com\/#organization","name":"HEBEI RECTE HYDRAULIC CO.,LTD","url":"https:\/\/www.rectehydraulic.com\/","logo":{"@type":"ImageObject","inLanguage":"pt-PT","@id":"https:\/\/www.rectehydraulic.com\/#\/schema\/logo\/image\/","url":"https:\/\/www.rectehydraulic.com\/wp-content\/uploads\/2025\/06\/cropped-RECTE-Complete-Hydraulic-Accessory-System-Supplier.webp","contentUrl":"https:\/\/www.rectehydraulic.com\/wp-content\/uploads\/2025\/06\/cropped-RECTE-Complete-Hydraulic-Accessory-System-Supplier.webp","width":500,"height":129,"caption":"HEBEI RECTE HYDRAULIC CO.,LTD"},"image":{"@id":"https:\/\/www.rectehydraulic.com\/#\/schema\/logo\/image\/"},"sameAs":["https:\/\/www.facebook.com\/rectehydraulic\/","https:\/\/www.linkedin.com\/in\/chinahydraulicmotors\/","http:\/\/instagram.com\/rectehydraulic","https:\/\/www.youtube.com\/@rectehydraulic"]}]}},"_links":{"self":[{"href":"https:\/\/www.rectehydraulic.com\/pt\/wp-json\/wp\/v2\/pages\/976","targetHints":{"allow":["GET"]}}],"collection":[{"href":"https:\/\/www.rectehydraulic.com\/pt\/wp-json\/wp\/v2\/pages"}],"about":[{"href":"https:\/\/www.rectehydraulic.com\/pt\/wp-json\/wp\/v2\/types\/page"}],"author":[{"embeddable":true,"href":"https:\/\/www.rectehydraulic.com\/pt\/wp-json\/wp\/v2\/users\/1"}],"replies":[{"embeddable":true,"href":"https:\/\/www.rectehydraulic.com\/pt\/wp-json\/wp\/v2\/comments?post=976"}],"version-history":[{"count":71,"href":"https:\/\/www.rectehydraulic.com\/pt\/wp-json\/wp\/v2\/pages\/976\/revisions"}],"predecessor-version":[{"id":4554,"href":"https:\/\/www.rectehydraulic.com\/pt\/wp-json\/wp\/v2\/pages\/976\/revisions\/4554"}],"wp:featuredmedia":[{"embeddable":true,"href":"https:\/\/www.rectehydraulic.com\/pt\/wp-json\/wp\/v2\/media\/4128"}],"wp:attachment":[{"href":"https:\/\/www.rectehydraulic.com\/pt\/wp-json\/wp\/v2\/media?parent=976"}],"curies":[{"name":"wp","href":"https:\/\/api.w.org\/{rel}","templated":true}]}}